{"id":4201,"date":"2023-08-02T04:48:27","date_gmt":"2023-08-02T04:48:27","guid":{"rendered":"https:\/\/course.berit-exbit.ch\/home\/?page_id=4201"},"modified":"2023-12-07T06:30:50","modified_gmt":"2023-12-07T06:30:50","slug":"gynakologie-geburtshilfe","status":"publish","type":"page","link":"https:\/\/course.berit-exbit.ch\/home\/gynakologie-geburtshilfe\/","title":{"rendered":"GYN\u00c4KOLOGIE &amp; GEBURTSHILFE"},"content":{"rendered":"[vc_row top_margin=&#8221;page-margin-top-section-vlarge&#8221; el_id=&#8221;#gynaekologie_section&#8221;][vc_column width=&#8221;1\/4&#8243;][vc_wp_custommenu nav_menu=&#8221;43&#8243; el_class=&#8221;vertical-menu&#8221;][vc_widget_sidebar top_margin=&#8221;page-margin-top&#8221; sidebar_id=&#8221;sidebar-home-right-style-2&#8243;][\/vc_column][vc_column width=&#8221;3\/4&#8243;]<h1 class=\"box-header\">Gyn\u00e4kologie<\/h1>[vc_column_text css=&#8221;.vc_custom_1692008918407{margin-bottom: 25px !important;}&#8221;]<img loading=\"lazy\" decoding=\"async\" class=\"alignnone wp-image-4259 size-full\" src=\"https:\/\/course.berit-exbit.ch\/home\/wp-content\/uploads\/2023\/08\/Gynakologie_slider_1350x550-1.jpg\" alt=\"\" width=\"1350\" height=\"550\" srcset=\"https:\/\/course.berit-exbit.ch\/home\/wp-content\/uploads\/2023\/08\/Gynakologie_slider_1350x550-1.jpg 1350w, https:\/\/course.berit-exbit.ch\/home\/wp-content\/uploads\/2023\/08\/Gynakologie_slider_1350x550-1-300x122.jpg 300w, https:\/\/course.berit-exbit.ch\/home\/wp-content\/uploads\/2023\/08\/Gynakologie_slider_1350x550-1-1024x417.jpg 1024w, https:\/\/course.berit-exbit.ch\/home\/wp-content\/uploads\/2023\/08\/Gynakologie_slider_1350x550-1-768x313.jpg 768w\" sizes=\"auto, (max-width: 1350px) 100vw, 1350px\" \/><\/p>\n<p>Vorsorgeuntersuchungen sowie Beratung und Behandlung bei gut- und b\u00f6sartigen Krankheiten bed\u00fcrfen langj\u00e4hriger Erfahrung. Im Mittelpunkt unserer Beratung stehen Frauen in allen Altersabschnitten, die k\u00f6rperlichen und seelischen Ver\u00e4nderungen gegen\u00fcberstehen.<\/p>\n<p>Unser Leistungsspektrum zeichnet sich durch folgende Leistungen aus:[\/vc_column_text]<ul class=\"items-list clearfix\">\n<ul>\n<li>Jahreskontrollen: Vorsorgeuntersuchungen mittels PAP Abstrich auf Geb\u00e4rmutterhalskrebs, Kolposkopie<\/li>\n<li>Abkl\u00e4rung und Therapie bei Menstruationsbeschwerden \/-unregelm\u00e4ssigkeiten<\/li>\n<li>Therapie starker Menstruation (Menorrhagie, Hypermenorrhoe)<\/li>\n<li>Abkl\u00e4rung und Therapie bei PCO-Syndrom (polyzystische Ovarien)<\/li>\n<li>Ultraschalldiagnostik<\/li>\n<li>Spiraleneinlage<\/li>\n<li>Abkl\u00e4rung, Therapie und Nachsorge bei Krebserkrankungen<\/li>\n<\/ul>\n<\/ul><h3 class=\"box-header page-margin-top-section\">Eine Konsultation beim Frauenarzt<\/h3>[vc_row_inner][vc_column_inner css=&#8221;.vc_custom_1692009551078{margin-top: 0px !important;border-top-width: 0px !important;padding-top: 0px !important;}&#8221;][vc_column_text]Um vor allem den jungen Frauen die Angst vor dem ersten Frauenarztbesuch nehmen zu k\u00f6nnen, findet man hier einen Ablauf, was beider ersten bzw bei allen weiteren Routineuntersuchungen unternommen wird[\/vc_column_text]<ul class=\"items-list clearfix\">\n<ul>\n<li>Abtasten der Brust, um Risiken bez\u00fcglich Brustkrebs fr\u00fchzeitig zu erkennen<\/li>\n<li>Die Untersuchung des Unterleibs mit Entnahme eines Krebsabstrichs (PAP)<\/li>\n<li>Ultraschall der Geb\u00e4rmutter\/ Eierst\u00f6cke<\/li>\n<li>Auf Wunsch Besprechung eines passenden Verh\u00fctungsmittels<\/li>\n<li>Abkl\u00e4rungen auf das Vorliegen sexuell \u00fcbertragbaren Erkrankunge<\/li>\n<\/ul>\n<\/ul>[\/vc_column_inner][\/vc_row_inner]<h3 class=\"box-header page-margin-top\">Brustuntersuchung<\/h3>[vc_row_inner][vc_column_inner css=&#8221;.vc_custom_1692009788663{margin-top: 0px !important;border-top-width: 0px !important;padding-top: 0px !important;}&#8221;][vc_column_text css=&#8221;.vc_custom_1692009907547{margin-bottom: 25px !important;}&#8221;]Die Brustvorsorgeuntersuchungen k\u00f6nnen je nach Situation oder Lebensabschnitt diskutiert werden:[\/vc_column_text]<ul class=\"items-list clearfix\">\n<ul>\n<li>Mammografie (R\u00f6ntgenuntersuchung der Brust) kann ab dem 40. Lebensjahr in Form einer Basismammographie durchgef\u00fchrt werden oder als Zusatzuntersuchung bei Auff\u00e4lligkeiten im Brustultraschall<\/li>\n<li>Die Vorsorgemammographie beginnt mit dem 50. Lebensjahr und wird alle 2 Jahre durchgef\u00fchrt, im Kanton Z\u00fcrich muss diese jedoch, falls gew\u00fcnscht, privat gezahlt werden.<\/li>\n<li>ab dem 35. -40. Lj. ist eine Ultraschall Untersuchung der Brust empfehlenswert<\/li>\n<li>je nach famili\u00e4rer Belastung mit Brustkrebs wird beginnt die Diagnostik auch schon vorher<\/li>\n<\/ul>\n<\/ul><h3 class=\"box-header page-margin-top\">Hormonsprechstunde<\/h3>[vc_column_text]Die perimenopausalen Ausfallserscheinungen treten bei manchen Frauen bereits schon bis zu 5 Jahren vor Eintritt der Wechseljahre auf. \u00a0Diese sind bei jeder Frau unterschiedlich ausgepr\u00e4gt und k\u00f6nnen Stimmungsschwankungen, Schlafst\u00f6rungen, Hitzewallungen und Ver\u00e4nderung des Bindegewebes umfassen.<\/p>\n<p>Die Hormonersatztherapie muss individuell an jede Frau angepasst werden bez\u00fcglich Grunderkrankungen, Medikamenteneinnahme und Life-Style.<\/p>\n<p>Ziel der Therapie soll eine Milderung der Wechseljahrsbeschwerden und somit eine Steigerung der Lebensqualit\u00e4t sein.<\/p>\n<p>Wir beraten diesbez\u00fcglich \u00fcber pflanzliche und klassische Hormonpr\u00e4paraten in oraler Form oder \u00fcber die Haut zugef\u00fchrt.[\/vc_column_text][\/vc_column_inner][\/vc_row_inner]<h3 class=\"box-header\">Teenagersprechstunde<\/h3>[vc_row_inner el_id=&#8221;gynaekologie_section&#8221;][vc_column_inner][vc_column_text]Der erste Besuch beim Frauenarzt ist sehr wichtig.<\/p>\n<p>Es werden Themen besprochen wie erster Geschlechtsverkehr, Verh\u00fctungsm\u00f6glichkeiten mit verschiedenen Verh\u00fctungspillen und nichthormonellen Verh\u00fctungsm\u00f6glichkeiten wie Kupferspirale und Barrieremethoden.<\/p>\n<p>Ein grosses Thema sind auch \u00fcbertragbare Geschlechtserkrankungen (auch STDs, sexually transmitted diseases genannt) und wie man sich davor sch\u00fctzen kann.<\/p>\n<p>Andere Themen der Vorsorge sind ebenfalls wichtig, wie Impfung gegen Geb\u00e4rmutterhalskrebs mittels Gardasil 9, wie l\u00e4uft \u00fcberhaupt eine Vorsorgeuntersuchung ab, famili\u00e4re Belastung durch Krebserkrankungen in der Familie und Risiko f\u00fcr die Patientin selbst dadurch.<\/p>\n<p>Einfach alle Fragen d\u00fcrfen ausgesprochen werden und werden erkl\u00e4rt.[\/vc_column_text][\/vc_column_inner][\/vc_row_inner]<h1 class=\"box-header\">Geburtshilfe<\/h1><h3 class=\"box-header page-margin-top\">Schwangerenvorsorge<\/h3>[vc_row_inner el_id=&#8221;#geburtshilfe_section&#8221;][vc_column_inner]<ul class=\"items-list clearfix\">\n<div class=\"wpb_text_column wpb_content_element \">\n<div class=\"wpb_wrapper\">\n<p style=\"text-align: left;\">Aus \u00e4rztlicher Sicht werden hier die wichtigsten Stichpunkte bez\u00fcglich des Verhaltens einer werdenden Mutter bei vorliegenden Schwangerschaft kurz aufgelistet:<\/p>\n<\/div>\n<\/div>\n<p>&nbsp;<\/p>\n<ul>\n<li>Viel Schlaf, ihr K\u00f6rper braucht jetzt Erholung<\/li>\n<li>Die t\u00e4gliche Einnahme eines fols\u00e4urehaltigen Vitaminproduktes<\/li>\n<li>Bei Blutungen werden sie gebeten einen Arzt zu kontaktieren<\/li>\n<li>Wegen Toxoplasmoseinfektionen, wird vom Verzehr von rohen Fleisch- sowie Fischprodukte wird abgeraten<\/li>\n<li>Verzichten Sie komplett auf den Konsum von Alkohol und Zigaretten<\/li>\n<li>Sie k\u00f6nnen Ihre vorher ausge\u00fcbten Sportarten in der Fr\u00fchschwangerschaft unproblematisch fortsetzen, so wie es ihr Wohlbefinden erlaubt. Von Kontaktsportarten ist abzuraten.<\/li>\n<\/ul>\n<div class=\"wpb_text_column wpb_content_element \"><\/div>\n<\/ul>[\/vc_column_inner][\/vc_row_inner][vc_row_inner][vc_column_inner]<ul class=\"items-list clearfix\">\n<div class=\"wpb_text_column wpb_content_element \">\n<div class=\"wpb_wrapper\">\n<p style=\"text-align: left;\">Die Pr\u00e4nataldiagnostik umfasst alle M\u00f6glichkeiten, die Gesundheit des Kindes bereits vor der Geburt kontrollieren zu k\u00f6nnen. Mit folgenden Untersuchungsm\u00f6glichkeiten werden Sie als werdende Mutter konfrontiert:<\/p>\n<\/div>\n<\/div>\n<\/ul>[\/vc_column_inner][\/vc_row_inner][vc_row_inner][vc_column_inner]<ul class=\"items-list clearfix\">\n<div class=\"wpb_text_column wpb_content_element \">\n<div class=\"wpb_wrapper\">\n<p style=\"text-align: left;\">Um sich ein Bild machen zu k\u00f6nnen, welche regelm\u00e4ssig eingesetzten Untersuchungen auf Sie zukommen werden, finden sie diese hier aufgef\u00fchrt:<\/p>\n<\/div>\n<\/div>\n<p>&nbsp;<\/p>\n<ul>\n<li>Blutkontrolle<\/li>\n<li>Ultraschall des Kindes<\/li>\n<li>Kardiotokogramm (Ableitung der kindlichen Herzt\u00f6ne), ab der 30. Schwangerschaftswoche<\/li>\n<\/ul>\n<\/ul>[\/vc_column_inner][\/vc_row_inner]<h3 class=\"box-header page-margin-top\">Pr\u00e4nataldiagnostik<\/h3>[vc_row_inner el_id=&#8221;kinderwunsch_section&#8221;][vc_column_inner][vc_column_text css=&#8221;.vc_custom_1692011127945{margin-top: 0px !important;border-top-width: 0px !important;padding-top: 0px !important;}&#8221;]Die Pr\u00e4nataldiagnostik umfasst alle M\u00f6glichkeiten, die Gesundheit des Kindes bereits vor der Geburt kontrollieren zu k\u00f6nnen. Mit folgenden Untersuchungsm\u00f6glichkeiten werden Sie als werdende Mutter konfrontiert:[\/vc_column_text]<ul class=\"items-list clearfix\">\n<ul class=\"items-list clearfix\">\n<li style=\"list-style-type: none;\">\n<ul>\n<li style=\"list-style-type: none;\">\n<ul>\n<li>Ultraschall: Durch die Technologie des Ultraschalls haben wird eine M\u00f6glichkeit das ungeborene Kind zu untersuchen. Neben der Gelegenheit f\u00fcr Sie, einen ersten Blick auf das Ungeborene zu werfen, k\u00f6nnen wir Ihr Kind auch auf seltene Auff\u00e4lligkeiten untersuchen, welche weiteren Abkl\u00e4rungen oder Beratungen bed\u00fcrfen. Die Krankenkasse \u00fcbernimmt heutzutage als Pflichtleistung zwei Ultraschalluntersuchungen.Eine wird in der Fr\u00fchschwangerschaft mit Messung der Nackenfalte erfolgen. Durch diese Messung kann, auf Wunsch der Eltern, das statistische Risiko f\u00fcr das Vorliegen der Krankheit Trisomie 21, auch Down Syndrom genannt, Trisomie 13 und 18, errechnet werden. \u00dcbertrifft das Risiko die normalen Werte, so wird kann in Folge eine weiterf\u00fchrende Diagnostik mittels Blutentnahme bei der Mutter in Form eines NIPT Testes durchgef\u00fchrt werden.Bei Hochrisiko-F\u00e4llen wird auch eine invasive Probeentnahme an der Plazenta zur Diagnosesicherung empfohlen.<\/li>\n<li>Die zweite Untersuchung erfolgt in der Mitte der Schwangerschaft zur Kontrolle der Organe des Kindes.Trotzdem wird aus \u00e4rztlicher Sicht noch ein zus\u00e4tzlicher Ultraschall etwa in der 30. Schwangerschaftswoche empfohlen, damit der Wachstumsverlauf des Kindes, sowie die Fruchtwassermenge noch einmal \u00fcberpr\u00fcft werden k\u00f6nnen.<\/li>\n<\/ul>\n<\/li>\n<\/ul>\n<\/li>\n<\/ul>\n<\/ul><h1 class=\"box-header\">Kinderwunsch<\/h1>[vc_column_text]Bei unerf\u00fclltem Kinderwunsch sollten immer beiden Partner abgekl\u00e4rt werden.<\/p>\n<p>Beim Mann f\u00fchrt der Urologe ein Spermiogramm durch, welches eventuelle Abweichungen in Anzahl, Form und Beweglichkeit aufzeigen kann.<\/p>\n<p>Bei der Frau sind prinzipiell folgende Abkl\u00e4rungen zu empfehlen:[\/vc_column_text]<ul class=\"items-list clearfix\">\n<ul>\n<li>Hormonanalyse zu Beginn des Menstruationszykluses zur Bestimmung der Eizellreserve und zum Ausschluss von hormoneller Dysregulation. Der genaue Zeitpunkt des Eisprunges sowie die Qualit\u00e4t der Geb\u00e4rmutterschleimhaut kann mittels Hormonanalyse und Ultraschall bestimmt werden.Falls es Hinweise auf einen Verschluss der Eileiter gibt, \u00fcberpr\u00fcfen wir die Durchg\u00e4ngigkeit der Eileiter mittels Hystero Hydro Sonographie. Hierbei wird ein Kontrastmittel in die Geb\u00e4rmutterh\u00f6hle eingespritzt welches im Ultraschall die Passage zu den Eierst\u00f6cken aufzeigt. Die Untersuchung kann problemlos ohne Narkose auf dem gyn\u00e4kologischen Stuhl durchgef\u00fchrt werden.<\/li>\n<li>Gibt es Hinweise auf eine Endometriose bei sehr starken Menstruationsbeschwerden oder Zysten kann ggf. eine Bauchspiegelung zur Behandlung durchgef\u00fchrt werden und ebenfalls die Durchg\u00e4ngigkeit der Eileiter w\u00e4hrend der Operation getestet werden.<\/li>\n<li>Alle Fruchtbarkeitsuntersuchungen werden ggf. nach Antragsstellung im Regelfall von den Krankenkassen \u00fcbernommen.<\/li>\n<\/ul>\n<\/ul><h3 class=\"box-header\">Fruchtbarkeit \/ Ovulationsinduktion<\/h3>[vc_column_text]Ist das Eizellwachstum gest\u00f6rt oder langsam, oder ist die Qualit\u00e4t des Eisprunges nicht ausreichend zur Befruchtung der Eizelle kann ein Anstossen der Eizellreifung n\u00f6tig werden.<\/p>\n<p>Hierzu gibt es Tabletten oder auch s.c. Spritzeninjektion.<\/p>\n<p>Die Reifung von ein bis zu zwei Eizellen wird mittels Ultraschall \u00fcberwacht und der Eisprung mittels Medikament ausgel\u00f6st.<\/p>\n<p>Es kann nun die nat\u00fcrliche Befruchtung mit Geschlechtsverkehr oder auch eine Insemination der Frau mit vorher aufbereitetem Spermium des Mannes in der Praxis durchgef\u00fchrt werden.[\/vc_column_text][\/vc_column_inner][vc_column_inner el_id=&#8221;vaginalverjuengung&#8221;][\/vc_column_inner][\/vc_row_inner]<h1 class=\"box-header page-margin-top\">\u00c4sthetische Behandlungen<\/h1>[vc_column_text]<div id=\"attachment_4262\" style=\"width: 635px\" class=\"wp-caption alignnone\"><img loading=\"lazy\" decoding=\"async\" aria-describedby=\"caption-attachment-4262\" class=\"wp-image-4262 size-full\" src=\"https:\/\/course.berit-exbit.ch\/home\/wp-content\/uploads\/2023\/08\/Vaginalverjungung.jpg\" alt=\"\" width=\"625\" height=\"300\" srcset=\"https:\/\/course.berit-exbit.ch\/home\/wp-content\/uploads\/2023\/08\/Vaginalverjungung.jpg 625w, https:\/\/course.berit-exbit.ch\/home\/wp-content\/uploads\/2023\/08\/Vaginalverjungung-300x144.jpg 300w\" sizes=\"auto, (max-width: 625px) 100vw, 625px\" \/><p id=\"caption-attachment-4262\" class=\"wp-caption-text\">\u00a0<\/p><\/div>\n<p>&nbsp;[\/vc_column_text][vc_column_text]Exklusive Neuheit f\u00fcr die Verj\u00fcngung und Verengung der Vagina.<\/p>\n<p>Ignorieren Sie Vaginalprobleme nicht. Mittels unserem Aphrodite System steht uns eine neue Methode zur Behandlung von vaginalen Beschwerden sowie zur Verengung der Vagina zur Verf\u00fcgung. Der Aphrodite Laser beseitigt auf angenehme Weise l\u00e4stige und weitverbreitete Probleme wie Juckreiz und Irritationen des Intimbereichs, geringe Lubrifikation der Vagina, Trockenheit und Vaginalreizungen.<\/p>\n<h3 class=\"title-list-service-details\">Anwendung<\/h3>\n<ul class=\"list-service-details\">\n<li>Dermatochirurgie<\/li>\n<li>Photorejuvenation<\/li>\n<li>Narbenverbesserung<\/li>\n<li>Fractional<\/li>\n<li>Hautstraffung<\/li>\n<li>Pigment<\/li>\n<li>Verj\u00fcngung, Leistungssteigerung<\/li>\n<li>Vaginale Rejuvenation (Verj\u00fcngung)<\/li>\n<\/ul>\n<h3 class=\"title-list-service-details\">Technologie<\/h3>\n<ul class=\"list-service-details\">\n<li>Laser<\/li>\n<\/ul>\n<h3 class=\"title-list-service-details\">Warum Laser-Behandlung mit Aphrodite?<\/h3>\n<p>Die Probleme wie Schw\u00e4che und Schlaffheit der Vaginalschleimhaut, Trockenheit, Jucken und Brennen oder Schmerzen beim Geschlechtsverkehr werden von den Patientinnen vielfach ignoriert oder schicksalhaft akzeptiert. Heute gibt es eine wirksame Methode f\u00fcr eine sanfte Behandlung dank der Neuentwicklung des CO2-Lasers.<\/p>\n<p>Das Aphrodite System basiert auf einem Lasersystem, welches gezielt fraktionierte Laser-Strahlung abgibt. Ziel der Behandlung ist eine Neogenese der kollagenen Struktur der vaginalen Mukosa. Diese Methode ist sanft, praktisch schmerzfrei und dauert nur ca. 5 Minuten. Es werden in der Regel 3 Behandlungen im Abstand von ca. 6 Wochen durchgef\u00fchrt.<\/p>\n<h3 class=\"title-list-service-details\">Die Vorteile des Aphrodite<\/h3>\n<ul class=\"list-service-details\">\n<li>sichere Behandlung<\/li>\n<li>einfach in der Anwendung<\/li>\n<li>schnelle Eingriffe (nur ca. 5 Minuten)<\/li>\n<li>schmerzarm<\/li>\n<li>keine Nebenwirkungen<\/li>\n<\/ul>\n[\/vc_column_text][vc_raw_html]JTNDaDMlMjBjbGFzcyUzRCUyMnRpdGxlLWxpc3Qtc2VydmljZS1kZXRhaWxzJTIyJTNFUHJlaXMlM0MlMkZoMyUzRSUwQSUzQ3VsJTIwY2xhc3MlM0QlMjJpdGVtcy1saXN0JTIwY2xlYXJmaXglMjIlM0UlM0NsaSUyMGNsYXNzJTNEJTIyY2xlYXJmaXglMjIlM0UlMEElMDklMDklMDklM0NzcGFuJTNFcHJvJTIwQmVoYW5kbHVuZyUzQyUyRnNwYW4lM0UlM0NkaXYlMjBjbGFzcyUzRCUyMnZhbHVlJTIyJTNFQ0hGJTIwNTAwJTNDJTJGZGl2JTNFJTNDJTJGbGklM0UlM0MlMkZ1bCUzRQ==[\/vc_raw_html][vc_separator][vc_column_text]\n<h2 class=\"box-header large align-center page-margin-top-section\" style=\"text-align: center;\">Rufen Sie an +41 (0)44 838 68 68<\/h2>\n[\/vc_column_text][vc_column_text]\n<p style=\"text-align: center;\">Oder senden Sie uns direkt unterhalb eine E-Mail an uns<\/p>\n[\/vc_column_text]<h3 class=\"box-header\">Online Appointment Form <\/h3><form class=\"contact-form \" id=\"contact_form\" method=\"post\" action=\"\"><div class=\"vc_row wpb_row vc_inner\">\n\t\t\t<fieldset class=\"vc_col-sm-6 wpb_column vc_column_container\"><label>VORNAME<\/label>\n\t\t\t\t<div class=\"block\">\n\t\t\t\t\t<input class=\"text_input\" name=\"first_name\" type=\"text\" value=\"\" tabindex=\"1\" data-required=\"1\">\n\t\t\t\t<\/div><label>TELEFONNUMMER (OPTIONAL)<\/label>\n\t\t\t\t<div class=\"block\">\n\t\t\t\t\t<input class=\"text_input\" name=\"phone_number\" type=\"text\" value=\"\" tabindex=\"5\">\n\t\t\t\t<\/div><\/fieldset>\n\t\t\t<fieldset class=\"vc_col-sm-6 wpb_column vc_column_container\"><label>NACHNAME<\/label>\n\t\t\t\t<div class=\"block\">\n\t\t\t\t\t<input class=\"text_input\" name=\"last_name\" type=\"text\" value=\"\" tabindex=\"2\" data-required=\"1\">\n\t\t\t\t<\/div><label>E-MAIL<\/label>\n\t\t\t\t<div class=\"block\">\n\t\t\t\t\t<input class=\"text_input\" name=\"email\" type=\"text\" value=\"\" tabindex=\"6\" data-required=\"1\">\n\t\t\t\t<\/div><\/fieldset>\n\t\t<\/div><div class=\"vc_row wpb_row vc_inner\">\n\t\t\t<fieldset>\n\t\t\t\t<label>REASON OF APPOINTMENT<\/label>\n\t\t\t\t<div class=\"block\">\n\t\t\t\t\t<textarea name=\"message\" tabindex=\"7\" data-required=\"1\"><\/textarea>\n\t\t\t\t<\/div>\n\t\t\t<\/fieldset>\n\t\t<\/div><div class=\"vc_row wpb_row vc_inner submit-container margin-top-30\"><div class=\"vc_col-sm-6 wpb_column vc_column_container\">\n\t\t\t\t<p>We will contact you within one business day.<\/p>\n\t\t\t<\/div>\n\t\t\t<div class=\"vc_col-sm-6 wpb_column vc_column_container \"><input type=\"hidden\" name=\"action\" value=\"theme_contact_form\" \/>\n\t\t\t\t<input type=\"hidden\" name=\"id\" value=\"contact_form\" \/><div class=\"vc_row wpb_row vc_inner\">\n\t\t\t\t<input type=\"submit\" name=\"submit\" value=\"Abschicken\" class=\"more mc-button\" \/>\n\t\t\t<\/div><\/div><\/div>\n\t<\/form>[\/vc_column][\/vc_row]\n","protected":false},"excerpt":{"rendered":"<p>[vc_row top_margin=&#8221;page-margin-top-section-vlarge&#8221; el_id=&#8221;#gynaekologie_section&#8221;][vc_column width=&#8221;1\/4&#8243;][vc_wp_custommenu nav_menu=&#8221;43&#8243; el_class=&#8221;vertical-menu&#8221;][vc_widget_sidebar top_margin=&#8221;page-margin-top&#8221; sidebar_id=&#8221;sidebar-home-right-style-2&#8243;][\/vc_column][vc_column width=&#8221;3\/4&#8243;][vc_column_text css=&#8221;.vc_custom_1692008918407{margin-bottom: 25px !important;}&#8221;] Vorsorgeuntersuchungen sowie Beratung und Behandlung bei gut- und b\u00f6sartigen Krankheiten bed\u00fcrfen langj\u00e4hriger Erfahrung. Im Mittelpunkt unserer Beratung stehen Frauen in allen Altersabschnitten, die k\u00f6rperlichen und seelischen Ver\u00e4nderungen gegen\u00fcberstehen. Unser Leistungsspektrum zeichnet sich durch folgende Leistungen aus:[\/vc_column_text][vc_row_inner][vc_column_inner css=&#8221;.vc_custom_1692009551078{margin-top: 0px !important;border-top-width: 0px !important;padding-top: 0px !important;}&#8221;][vc_column_text]Um<\/p>\n","protected":false},"author":1,"featured_media":0,"parent":0,"menu_order":0,"comment_status":"closed","ping_status":"closed","template":"","meta":{"footnotes":""},"class_list":["post-4201","page","type-page","status-publish","hentry"],"_links":{"self":[{"href":"https:\/\/course.berit-exbit.ch\/home\/wp-json\/wp\/v2\/pages\/4201","targetHints":{"allow":["GET"]}}],"collection":[{"href":"https:\/\/course.berit-exbit.ch\/home\/wp-json\/wp\/v2\/pages"}],"about":[{"href":"https:\/\/course.berit-exbit.ch\/home\/wp-json\/wp\/v2\/types\/page"}],"author":[{"embeddable":true,"href":"https:\/\/course.berit-exbit.ch\/home\/wp-json\/wp\/v2\/users\/1"}],"replies":[{"embeddable":true,"href":"https:\/\/course.berit-exbit.ch\/home\/wp-json\/wp\/v2\/comments?post=4201"}],"version-history":[{"count":39,"href":"https:\/\/course.berit-exbit.ch\/home\/wp-json\/wp\/v2\/pages\/4201\/revisions"}],"predecessor-version":[{"id":4642,"href":"https:\/\/course.berit-exbit.ch\/home\/wp-json\/wp\/v2\/pages\/4201\/revisions\/4642"}],"wp:attachment":[{"href":"https:\/\/course.berit-exbit.ch\/home\/wp-json\/wp\/v2\/media?parent=4201"}],"curies":[{"name":"wp","href":"https:\/\/api.w.org\/{rel}","templated":true}]}}