{"id":4205,"date":"2023-08-02T04:48:52","date_gmt":"2023-08-02T04:48:52","guid":{"rendered":"https:\/\/course.berit-exbit.ch\/home\/?page_id=4205"},"modified":"2023-12-07T06:33:14","modified_gmt":"2023-12-07T06:33:14","slug":"dermatologie-venerologie","status":"publish","type":"page","link":"https:\/\/course.berit-exbit.ch\/home\/dermatologie-venerologie\/","title":{"rendered":"DERMATOLOGIE &amp; VENEROLOGIE"},"content":{"rendered":"[vc_row top_margin=&#8221;page-margin-top-section-vlarge&#8221;][vc_column width=&#8221;1\/4&#8243;][vc_wp_custommenu nav_menu=&#8221;43&#8243; el_class=&#8221;vertical-menu&#8221;]<ul class=\"gallery-item-details-list clearfix margin-bottom\"><li id=\"gallery-details-dr-med-chiara-dessi-fulgheri\" class=\"gallery-item-details clearfix\">\n\t\t\t\t\t<div class=\"vc_row wpb_row vc_row-fluid\">\n\t\t\t\t\t\t<div class=\"vc_col-sm-6 wpb_column vc_column_container\"><div class=\"gallery-box hover-icons-off\"><span class=\"mc-preloader\"><\/span>\n\t\t\t\t\t\t\t\t\t<img loading=\"lazy\" decoding=\"async\" width=\"600\" height=\"400\" src=\"https:\/\/course.berit-exbit.ch\/home\/wp-content\/uploads\/2023\/08\/14_team-600x400-1.jpg\" class=\"mc-preload wp-post-image\" alt=\"Dr. med. Chiara Dess\u00ec Fulgheri\" title=\"\" srcset=\"https:\/\/course.berit-exbit.ch\/home\/wp-content\/uploads\/2023\/08\/14_team-600x400-1.jpg 600w, https:\/\/course.berit-exbit.ch\/home\/wp-content\/uploads\/2023\/08\/14_team-600x400-1-300x200.jpg 300w, https:\/\/course.berit-exbit.ch\/home\/wp-content\/uploads\/2023\/08\/14_team-600x400-1-480x320.jpg 480w, https:\/\/course.berit-exbit.ch\/home\/wp-content\/uploads\/2023\/08\/14_team-600x400-1-390x260.jpg 390w, https:\/\/course.berit-exbit.ch\/home\/wp-content\/uploads\/2023\/08\/14_team-600x400-1-285x190.jpg 285w\" sizes=\"auto, (max-width: 600px) 100vw, 600px\" \/>\n\t\t\t\t\t\t\t\t\t<ul class=\"controls\">\n\t\t\t\t\t\t\t\t\t\t<li>\n\t\t\t\t\t\t\t\t\t\t\t<a href=\"https:\/\/course.berit-exbit.ch\/home\/wp-content\/uploads\/2023\/08\/14_team-600x400-1.jpg\" class=\"template-plus-2 fancybox open-lightbox\" rel=\"featured-gallery\"><\/a>\n\t\t\t\t\t\t\t\t\t\t<\/li>\n\t\t\t\t\t\t\t\t\t<\/ul><div class=\"description\">\n\t\t\t\t\t\t\t\t\t\t<h3>Dr. med. Chiara Dess\u00ec Fulgheri<\/h3>\n\t\t\t\t\t\t\t\t\t\t<h5><\/h5>\n\t\t\t\t\t\t\t\t\t<\/div><\/div><\/div>\n\t\t\t\t\t<div class=\"vc_col-sm-6 wpb_column vc_column_container\">\n\t\t\t\t\t\t<div class=\"details-box\"><ul class=\"controls\"><li>\n\t\t\t\t\t\t\t\t\t\t<a href=\"#gallery-details-close\" class=\"close template-remove-1\"><\/a>\n\t\t\t\t\t\t\t\t\t<\/li>\n\t\t\t\t\t\t\t\t<\/ul><h2 class=\"box-header\"> Dr. med. Chiara Dess\u00ec Fulgheri<\/h2><div class=\"details-box\">\r\n    <ul class=\"controls\">\r\n        <li>\r\n            <a href=\"#gallery-details-andreas-krueger\" class=\"prev template-arrow-horizontal-3\"><\/a>\r\n        <\/li>\r\n        <li>\r\n            <a href=\"#gallery-details-dmd-marion-weiher-matschulat\" class=\"next template-arrow-horizontal-3\"><\/a>\r\n        <\/li>\r\n        <li class=\"separator\">&nbsp;<\/li>\r\n        <li>\r\n            <a href=\"#gallery-details-close\" class=\"close template-remove-1 __mPS2id\"><\/a>\r\n        <\/li>\r\n    <\/ul>\r\n \r\n    <h4>Fach\u00e4rztin f\u00fcr Dermatologie und Venerologie<\/h4>\r\n    <h3>Sprachkenntnisse<\/h3>\r\n    <h4>Deutsch, Italienisch<\/h4>\r\n    <h3>Lebenslauf<\/h3>\r\n    <ul>\r\n        <li>\r\n            <h4>Geboren in Sassari<\/h4>\r\n        <\/li>\r\n        <li>\r\n            <h4>1997\u20132005: Studium der Humanmedizin an der Universit\u00e4t in Sassari<\/h4>\r\n        <\/li>\r\n        <li>\r\n            <h4>2005\u20132009: Facharztausbildung auf dem Fachgebiet der Dermatologie und Venerologie an der Universit\u00e4t in\r\n                Sassari<\/h4>\r\n        <\/li>\r\n        <li>\r\n            <h4>2010\u20132015: Assistenz\u00e4rztin f\u00fcr Dermatologie und Venerologie, Krankenhaus Meran, Bozen und\r\n                Privatt\u00e4tigkeiten als Dermatologin in Bozen<\/h4>\r\n        <\/li>\r\n        <li>\r\n            <h4>2015\u20132017: Fach\u00e4rztin f\u00fcr Dermatologie und Venerologie, Allcare Hausarzt Zentren, Z\u00fcrich<\/h4>\r\n        <\/li>\r\n        <li>\r\n            <h4>Fach\u00e4rztin f\u00fcr Dermatologie und Venerologie, B3-Praxis am Bahnhofplatz, Z\u00fcrich<\/h4>\r\n        <\/li>\r\n    <\/ul>\r\n    <h3>Schwerpunkte und Zusatzqualifikationen<\/h3>\r\n    <ul>\r\n        <li>\r\n            <h4>Akne<\/h4>\r\n        <\/li>\r\n        <li>\r\n            <h4>Hautkrebsvorsorge<\/h4>\r\n        <\/li>\r\n        <li>\r\n            <h4>Allergologie<\/h4>\r\n        <\/li>\r\n    <\/ul>\r\n<\/div><div class=\"item-footer clearfix\"><a title=\"Dr. med. Chiara Dess\u00ec Fulgheri\" href=\"https:\/\/course.berit-exbit.ch\/home\/doctors\/dr-med-chiara-dessi-fulgheri\/\" class=\"mc-button more light template-arrow-horizontal-1-after\">PROFILE<\/a><\/div><\/div><\/div>\n\t\t\t\t<\/div><\/ul><ul class=\"tabs-navigation isotope-filters clearfix\"><\/ul><ul class=\"mc-gallery gallery-2-columns dm_filters\"><li class=\"team\" id=\"gallery-item-dr-med-chiara-dessi-fulgheri\">\n\t\t\t\t\t<div class=\"gallery-box gallery-box-1 hover-icons-off\"><span class=\"mc-preloader\"><\/span><img loading=\"lazy\" decoding=\"async\" width=\"600\" height=\"400\" src=\"https:\/\/course.berit-exbit.ch\/home\/wp-content\/uploads\/2023\/08\/14_team-600x400-1.jpg\" class=\"mc-preload wp-post-image\" alt=\"Dr. med. Chiara Dess\u00ec Fulgheri\" title=\"\" srcset=\"https:\/\/course.berit-exbit.ch\/home\/wp-content\/uploads\/2023\/08\/14_team-600x400-1.jpg 600w, https:\/\/course.berit-exbit.ch\/home\/wp-content\/uploads\/2023\/08\/14_team-600x400-1-300x200.jpg 300w, https:\/\/course.berit-exbit.ch\/home\/wp-content\/uploads\/2023\/08\/14_team-600x400-1-480x320.jpg 480w, https:\/\/course.berit-exbit.ch\/home\/wp-content\/uploads\/2023\/08\/14_team-600x400-1-390x260.jpg 390w, https:\/\/course.berit-exbit.ch\/home\/wp-content\/uploads\/2023\/08\/14_team-600x400-1-285x190.jpg 285w\" sizes=\"auto, (max-width: 600px) 100vw, 600px\" \/>\n\t\t\t\t\t\t<div class=\"description\">\n\t\t\t\t\t\t\t<h4>Dr. med. Chiara Dess\u00ec Fulgheri<\/h4>\n\t\t\t\t\t\t\t<h5><\/h5>\n\t\t\t\t\t\t<\/div>\n\t\t\t\t\t\t<ul class=\"controls\">\n\t\t\t\t\t\t\t<li>\n\t\t\t\t\t\t\t\t<a href=\"#gallery-details-dr-med-chiara-dessi-fulgheri\" class=\"template-menu-2 open-details\"><\/a>\n\t\t\t\t\t\t\t<\/li><li><a href=\"https:\/\/course.berit-exbit.ch\/home\/wp-content\/uploads\/2023\/08\/14_team-600x400-1.jpg\" class=\"template-plus-2 fancybox open-lightbox\" rel=\"mcgallery\"><\/a>\n\t\t\t\t\t<\/li><\/ul><\/div><\/li><\/ul>[vc_widget_sidebar top_margin=&#8221;page-margin-top&#8221; sidebar_id=&#8221;sidebar-home-right-style-2&#8243;][\/vc_column][vc_column width=&#8221;3\/4&#8243;]<h1 class=\"box-header\">Dermatologie & Venerologie<\/h1>[vc_row_inner][vc_column_inner][vc_column_text]<img loading=\"lazy\" decoding=\"async\" class=\"alignnone wp-image-4287 size-full\" src=\"https:\/\/course.berit-exbit.ch\/home\/wp-content\/uploads\/2023\/08\/Dermatologie_slider_1350x550.jpg\" alt=\"\" width=\"1350\" height=\"550\" srcset=\"https:\/\/course.berit-exbit.ch\/home\/wp-content\/uploads\/2023\/08\/Dermatologie_slider_1350x550.jpg 1350w, https:\/\/course.berit-exbit.ch\/home\/wp-content\/uploads\/2023\/08\/Dermatologie_slider_1350x550-300x122.jpg 300w, https:\/\/course.berit-exbit.ch\/home\/wp-content\/uploads\/2023\/08\/Dermatologie_slider_1350x550-1024x417.jpg 1024w, https:\/\/course.berit-exbit.ch\/home\/wp-content\/uploads\/2023\/08\/Dermatologie_slider_1350x550-768x313.jpg 768w\" sizes=\"auto, (max-width: 1350px) 100vw, 1350px\" \/><\/p>\n<p>Unser Angebot umfasst ein breites diagnostisches und therapeutisches Spektrum der Dermatologie und Venerologie. Weitere Kompetenzen besitzen wir bei der Abkl\u00e4rung der verschiedenen Arten von Allergien und Infektionserkrankungen der Haut durch Bakterien, Pilze und Viren. Frau Dr. Dess\u00ed Fulgheri steht Ihnen jederzeit f\u00fcr alle Ihre medizinischen Fragen und Beschwerden zur Verf\u00fcgung.<\/p>\n<p>Nach M\u00f6glichkeiten erfolgt die Behandlung auch in Ihrer Muttersprache.[\/vc_column_text][\/vc_column_inner][\/vc_row_inner]<h1 class=\"box-header page-margin-top\">Untersuchungen<\/h1>[vc_row_inner][vc_column_inner css=&#8221;.vc_custom_1692013727378{margin-top: 20px !important;}&#8221;]<ul class=\"items-list clearfix\">\n<ul>\n<li>Akne-Sprechstunde<\/li>\n<li>Atopisches Ekzem (Neurodermitis)<\/li>\n<li><a class=\"__mPS2id _mPS2id-h\" href=\"https:\/\/b3-praxis.ch\/angebote\/dermatologie-venerologie\/#header_ambulante_eingriffe\">Ambulante Eingriffe<\/a><\/li>\n<li><a class=\"__mPS2id _mPS2id-h\" href=\"https:\/\/b3-praxis.ch\/angebote\/dermatologie-venerologie\/#header_allergologie\">Allergien der Haut und der Atemwege (Epikutantest \/ Prick Test)<\/a><\/li>\n<li>Nahrungsmittelallergien<\/li>\n<li>Krankheiten von Haar und Kopfhaut<\/li>\n<li><a class=\"__mPS2id _mPS2id-h mPS2id-highlight mPS2id-highlight-first mPS2id-highlight-last\" href=\"https:\/\/b3-praxis.ch\/angebote\/dermatologie-venerologie\/#header_muttermalkontrolle\">Muttermalkontrolle und Hautkrebsvorsorge<\/a><\/li>\n<li>Schuppenflechte (Psoriasis)<\/li>\n<li>Nesselfieber (Urtikaria)<\/li>\n<li>Entfernen von kleineren Hautver\u00e4nderungen<\/li>\n<li>Nagelerkrankungen<\/li>\n<li><a class=\"__mPS2id _mPS2id-h\" href=\"https:\/\/b3-praxis.ch\/angebote\/dermatologie-venerologie\/#header_uebermassiges_schwitzen\">\u00dcberm\u00e4ssiges Schwitzen (Hyperhydrose)<\/a><\/li>\n<li>Desensibilisierung von Pollen<\/li>\n<li>Geschlechtskrankheiten<\/li>\n<li>Warzenbehandlungen<\/li>\n<\/ul>\n<\/ul>[\/vc_column_inner][\/vc_row_inner]<h2 class=\"box-header page-margin-top-section\">Muttermalkontrolle \/ Hautkrebsvorsorge<\/h2>[vc_row_inner][vc_column_inner][vc_column_text]In unserer Praxis f\u00fchren wir die Ganzk\u00f6rperinspektion der Haut mittels Auflichtmikroskops durch, um verschiedene Formen des sogenannten weissen Hautkrebses und des b\u00f6sartigen schwarzen Hautkrebses, das maligne Melanom, zu erkennen und unterscheiden. Dabei werden zweifelhafte L\u00e4sionen dem Patienten zur Exzision vorgeschlagen oder wenn nicht hochgradig verd\u00e4chtig, Fotodokumentiert und mittels Verlaufskontrolle beobachtet.[\/vc_column_text][\/vc_column_inner][\/vc_row_inner]<h2 class=\"box-header page-margin-top\">Ambulante Eingriffe<\/h2>[vc_row_inner][vc_column_inner][vc_column_text]Unter diesem Begriff versteht man die ambulante operative Entfernung von gut- und\/oder b\u00f6sartigen Hautver\u00e4nderungen (auff\u00e4llige Muttermale, Hauttumore etc.) und die diagnostische Abkl\u00e4rung von Hauterkrankungen mittels einer Hautprobe, die sogenannte Biopsie. Die Eingriffe werden in lokaler Bet\u00e4ubung des betroffenen Areals bei uns in der Praxis durchgef\u00fchrt. Nach der \u00f6rtlichen Bet\u00e4ubung, wird ein oberfl\u00e4chliches Hautst\u00fcck operativ entnommen und die Wunde mit einer Fadennaht verschlossen. Die entnommenen Hautproben werden durch ein externes Labor, welches auf das Fachgebiet Dermatologie spezialisiert ist, analysiert und beurteilt.[\/vc_column_text][\/vc_column_inner][\/vc_row_inner]<h2 class=\"box-header page-margin-top\">Allergologie<\/h2>[vc_column_text]Bei einer Allergie oder allergischen Erkrankung handelt es sich um eine \u00dcberreaktionen des Immunsystems auf harmlose, fremde Stoffe beispielsweise Pollen, Nahrungsmitteln, Hausstaubmilben, Tierhaare und Schimmelpilze. Zudem k\u00f6nnen Allergien auch durch direkten Hautkontakt mit Metalle, Duftstoffe, Materialien in der Wohnung und\/oder am Arbeitsplatz sowie andere Einfl\u00fcsse ausgel\u00f6st werden. In der Praxis f\u00fchren wir die Diagnostik sowie Therapie von Inhalationsallergien, Kontaktallergien und Nahrungsmittelallergien mittels Anamnese, Hauttestungen (Prick und Epikutantest), Laboruntersuchungen und leiten ggf. spezifische Therapiema\u00dfnahmen wie z.B. die Hyposensibilisierung ein.[\/vc_column_text]<h2 class=\"box-header page-margin-top\">\u00dcberm\u00e4ssiges Schwitzen (Hyperhidrosis)<\/h2>[vc_column_text]Nebst Lokalbehandlungen k\u00f6nnen wir \u00fcberm\u00e4ssiges Schwitzen in den Achselh\u00f6hlen mit Injektionen unterdr\u00fccken. Das dabei verwendete Toxin wird mit einer feinen Nadel direkt in das entsprechende Hautareal subkutan gespritzt. Die Schweissausscheidung wird mit dieser Therapieform 4 bis 12 Monate unterdr\u00fcckt und kann bei Bedarf auch wiederholt werden. Diese Leistung ist nicht kassenpflichtig und muss nach der Behandlung beglichen werden. Alle Preise k\u00f6nnen sie gerne aus unserer Preisliste entnehmen.[\/vc_column_text]<h1 class=\"box-header align-center page-margin-top-section\">Rufen Sie an +41 (0)44 838 68 68<\/h1><h3 class=\"box-header\">Online Appointment Form <\/h3><form class=\"contact-form \" id=\"contact_form\" method=\"post\" action=\"\"><div class=\"vc_row wpb_row vc_inner\">\n\t\t\t<fieldset class=\"vc_col-sm-6 wpb_column vc_column_container\"><label>VORNAME<\/label>\n\t\t\t\t<div class=\"block\">\n\t\t\t\t\t<input class=\"text_input\" name=\"first_name\" type=\"text\" value=\"\" tabindex=\"1\" data-required=\"1\">\n\t\t\t\t<\/div><label>PHONE NUMBER<\/label>\n\t\t\t\t<div class=\"block\">\n\t\t\t\t\t<input class=\"text_input\" name=\"phone_number\" type=\"text\" value=\"\" tabindex=\"5\">\n\t\t\t\t<\/div><\/fieldset>\n\t\t\t<fieldset class=\"vc_col-sm-6 wpb_column vc_column_container\"><label>NACHNAME<\/label>\n\t\t\t\t<div class=\"block\">\n\t\t\t\t\t<input class=\"text_input\" name=\"last_name\" type=\"text\" value=\"\" tabindex=\"2\" data-required=\"1\">\n\t\t\t\t<\/div><label>E-MAIL<\/label>\n\t\t\t\t<div class=\"block\">\n\t\t\t\t\t<input class=\"text_input\" name=\"email\" type=\"text\" value=\"\" tabindex=\"6\" data-required=\"1\">\n\t\t\t\t<\/div><\/fieldset>\n\t\t<\/div><div class=\"vc_row wpb_row vc_inner\">\n\t\t\t<fieldset>\n\t\t\t\t<label>REASON OF APPOINTMENT<\/label>\n\t\t\t\t<div class=\"block\">\n\t\t\t\t\t<textarea name=\"message\" tabindex=\"7\" data-required=\"1\"><\/textarea>\n\t\t\t\t<\/div>\n\t\t\t<\/fieldset>\n\t\t<\/div><div class=\"vc_row wpb_row vc_inner submit-container margin-top-30\"><div class=\"vc_col-sm-6 wpb_column vc_column_container\">\n\t\t\t\t<p>We will contact you within one business day.<\/p>\n\t\t\t<\/div>\n\t\t\t<div class=\"vc_col-sm-6 wpb_column vc_column_container \"><input type=\"hidden\" name=\"action\" value=\"theme_contact_form\" \/>\n\t\t\t\t<input type=\"hidden\" name=\"id\" value=\"contact_form\" \/><div class=\"vc_row wpb_row vc_inner\">\n\t\t\t\t<input type=\"submit\" name=\"submit\" value=\"SEND\" class=\"more mc-button\" \/>\n\t\t\t<\/div><\/div><\/div>\n\t<\/form>[\/vc_column][\/vc_row]\n","protected":false},"excerpt":{"rendered":"<p>[vc_row top_margin=&#8221;page-margin-top-section-vlarge&#8221;][vc_column width=&#8221;1\/4&#8243;][vc_wp_custommenu nav_menu=&#8221;43&#8243; el_class=&#8221;vertical-menu&#8221;][vc_widget_sidebar top_margin=&#8221;page-margin-top&#8221; sidebar_id=&#8221;sidebar-home-right-style-2&#8243;][\/vc_column][vc_column width=&#8221;3\/4&#8243;][vc_row_inner][vc_column_inner][vc_column_text] Unser Angebot umfasst ein breites diagnostisches und therapeutisches Spektrum der Dermatologie und Venerologie. Weitere Kompetenzen besitzen wir bei der Abkl\u00e4rung der verschiedenen Arten von Allergien und Infektionserkrankungen der Haut durch Bakterien, Pilze und Viren. Frau Dr. Dess\u00ed Fulgheri steht Ihnen jederzeit f\u00fcr alle Ihre medizinischen Fragen und<\/p>\n","protected":false},"author":1,"featured_media":0,"parent":0,"menu_order":0,"comment_status":"closed","ping_status":"closed","template":"","meta":{"footnotes":""},"class_list":["post-4205","page","type-page","status-publish","hentry"],"_links":{"self":[{"href":"https:\/\/course.berit-exbit.ch\/home\/wp-json\/wp\/v2\/pages\/4205","targetHints":{"allow":["GET"]}}],"collection":[{"href":"https:\/\/course.berit-exbit.ch\/home\/wp-json\/wp\/v2\/pages"}],"about":[{"href":"https:\/\/course.berit-exbit.ch\/home\/wp-json\/wp\/v2\/types\/page"}],"author":[{"embeddable":true,"href":"https:\/\/course.berit-exbit.ch\/home\/wp-json\/wp\/v2\/users\/1"}],"replies":[{"embeddable":true,"href":"https:\/\/course.berit-exbit.ch\/home\/wp-json\/wp\/v2\/comments?post=4205"}],"version-history":[{"count":19,"href":"https:\/\/course.berit-exbit.ch\/home\/wp-json\/wp\/v2\/pages\/4205\/revisions"}],"predecessor-version":[{"id":4635,"href":"https:\/\/course.berit-exbit.ch\/home\/wp-json\/wp\/v2\/pages\/4205\/revisions\/4635"}],"wp:attachment":[{"href":"https:\/\/course.berit-exbit.ch\/home\/wp-json\/wp\/v2\/media?parent=4205"}],"curies":[{"name":"wp","href":"https:\/\/api.w.org\/{rel}","templated":true}]}}