{"id":4399,"date":"2023-08-04T07:59:58","date_gmt":"2023-08-04T07:59:58","guid":{"rendered":"https:\/\/course.berit-exbit.ch\/home\/?page_id=4399"},"modified":"2023-08-04T08:03:53","modified_gmt":"2023-08-04T08:03:53","slug":"neuigkeiten","status":"publish","type":"page","link":"https:\/\/course.berit-exbit.ch\/home\/neuigkeiten\/","title":{"rendered":"Neuigkeiten"},"content":{"rendered":"[vc_row][vc_column]<ul class=\"blog clearfix\"><li class=\" post post-4391 type-post status-publish format-standard hentry category-neuigkeiten\"><ul class=\"comment-box clearfix\"><li class=\"date clearfix\">\n\t\t\t\t\t\t\t\t<div class=\"value\">AUGUST 4, 2023<\/div>\n\t\t\t\t\t\t\t\t<div class=\"arrow-date\"><\/div>\n\t\t\t\t\t\t\t<\/li><li class=\"comments-number\">\t\t\t<a href=\"https:\/\/course.berit-exbit.ch\/home\/2023\/08\/04\/corona-antigen-test-und-pcr-test\/#respond\" title=\"0 COMMENTS\">0<\/a>\n\t\t\t\t\t\t\t<\/li><\/ul><div class=\"post-content\"><h2 class=\"post-title\"><a href=\"https:\/\/course.berit-exbit.ch\/home\/2023\/08\/04\/corona-antigen-test-und-pcr-test\/\" title=\"Corona Antigen-Test und PCR-Test\">Corona Antigen-Test und PCR-Test<\/a><\/h2><p>itte buchen Sie&nbsp;online oder telefonisch&nbsp;einen Termin f\u00fcr den Corona-Test. Walk-in-Tests sind zu bestimmten Zeiten m\u00f6glich (siehe unter \u00d6ffnungszeiten). Ohne gebuchten Termin k\u00f6nnen wir Ihnen keinen Test garantieren.&nbsp; Antigen-Test inkl QR-Code Zertifikat PCR-Test externer Labor Covid-19 Impfung (Moderna) Buchen Sie Ihren Impftermin 044 xxxxxxxx F\u00fcr weitere Informationen oder bei Fragen, wenden Sie sich bitte direkt via<\/p>\n\t\t<div class=\"post-footer clearfix\">\n\t\t\t\t\t\t\t\t<ul class=\"post-footer-details\"><li class=\"post-footer-author\">\n\t\t\t\t\t\t\t\t\t\t<a class=\"author\" href=\"https:\/\/course.berit-exbit.ch\/home\" title=\"admin\">admin<\/a>\n\t\t\t\t\t\t\t\t\t<\/li><li class=\"post-footer-category\">\n\t\t\t\t\t\t\t\t\t\t\t<a href=\"https:\/\/course.berit-exbit.ch\/home\/category\/neuigkeiten\/\" title=\"View all posts filed under NEUIGKEITEN\">NEUIGKEITEN<\/a>\n\t\t\t\t\t\t\t\t\t\t<\/li><\/ul><\/div><\/div><\/li><li class=\" post post-4389 type-post status-publish format-standard hentry category-neuigkeiten\"><ul class=\"comment-box clearfix\"><li class=\"date clearfix\">\n\t\t\t\t\t\t\t\t<div class=\"value\">AUGUST 4, 2023<\/div>\n\t\t\t\t\t\t\t\t<div class=\"arrow-date\"><\/div>\n\t\t\t\t\t\t\t<\/li><li class=\"comments-number\">\t\t\t<a href=\"https:\/\/course.berit-exbit.ch\/home\/2023\/08\/04\/covid-19-impfung-moderna\/#respond\" title=\"0 COMMENTS\">0<\/a>\n\t\t\t\t\t\t\t<\/li><\/ul><div class=\"post-content\"><h2 class=\"post-title\"><a href=\"https:\/\/course.berit-exbit.ch\/home\/2023\/08\/04\/covid-19-impfung-moderna\/\" title=\"Covid-19 Impfung (Moderna)\">Covid-19 Impfung (Moderna)<\/a><\/h2><p>Buchen Sie Ihren Impftermin 044 xxxxxx F\u00fcr weitere Informationen oder bei Fragen, wenden Sie sich bitte direkt via Mail an: info@xxxxx.ch<\/p>\n\t\t<div class=\"post-footer clearfix\">\n\t\t\t\t\t\t\t\t<ul class=\"post-footer-details\"><li class=\"post-footer-author\">\n\t\t\t\t\t\t\t\t\t\t<a class=\"author\" href=\"https:\/\/course.berit-exbit.ch\/home\" title=\"admin\">admin<\/a>\n\t\t\t\t\t\t\t\t\t<\/li><li class=\"post-footer-category\">\n\t\t\t\t\t\t\t\t\t\t\t<a href=\"https:\/\/course.berit-exbit.ch\/home\/category\/neuigkeiten\/\" title=\"View all posts filed under NEUIGKEITEN\">NEUIGKEITEN<\/a>\n\t\t\t\t\t\t\t\t\t\t<\/li><\/ul><\/div><\/div><\/li><li class=\" post post-4387 type-post status-publish format-standard hentry category-neuigkeiten\"><ul class=\"comment-box clearfix\"><li class=\"date clearfix\">\n\t\t\t\t\t\t\t\t<div class=\"value\">AUGUST 4, 2023<\/div>\n\t\t\t\t\t\t\t\t<div class=\"arrow-date\"><\/div>\n\t\t\t\t\t\t\t<\/li><li class=\"comments-number\">\t\t\t<a href=\"https:\/\/course.berit-exbit.ch\/home\/2023\/08\/04\/hausarzt-50-100-fur-moderne-arztpraxis-in-bassersdorf-gesucht\/#respond\" title=\"0 COMMENTS\">0<\/a>\n\t\t\t\t\t\t\t<\/li><\/ul><div class=\"post-content\"><h2 class=\"post-title\"><a href=\"https:\/\/course.berit-exbit.ch\/home\/2023\/08\/04\/hausarzt-50-100-fur-moderne-arztpraxis-in-bassersdorf-gesucht\/\" title=\"Hausarzt 50-100% f\u00fcr moderne Arztpraxis in Bassersdorf gesucht\">Hausarzt 50-100% f\u00fcr moderne Arztpraxis in Bassersdorf gesucht<\/a><\/h2><p>Zur Unterst\u00fctzung des bestehenden Praxisteams, suchen wir per sofort oder nach Vereinbarung einen\/e Facharzt (m\/w) f\u00fcr Allgemeinmedizin oder Innere Medizin (50-100%) in Bassersdorf. Sie sind Facharzt\/Fach\u00e4rztin oder praktischer Arzt\/\u00c4rztin f\u00fcr Allgemeine Innere Medizin oder Allgemeinmedizin und haben bereits Erfahrung in der ambulanten Grundversorgung. Sie sch\u00e4tzen die Arbeit in einem famili\u00e4ren Umfeld. Ihr offener und angenehmer<\/p>\n\t\t<div class=\"post-footer clearfix\">\n\t\t\t\t\t\t\t\t<ul class=\"post-footer-details\"><li class=\"post-footer-author\">\n\t\t\t\t\t\t\t\t\t\t<a class=\"author\" href=\"https:\/\/course.berit-exbit.ch\/home\" title=\"admin\">admin<\/a>\n\t\t\t\t\t\t\t\t\t<\/li><li class=\"post-footer-category\">\n\t\t\t\t\t\t\t\t\t\t\t<a href=\"https:\/\/course.berit-exbit.ch\/home\/category\/neuigkeiten\/\" title=\"View all posts filed under NEUIGKEITEN\">NEUIGKEITEN<\/a>\n\t\t\t\t\t\t\t\t\t\t<\/li><\/ul><\/div><\/div><\/li><li class=\" post post-4385 type-post status-publish format-standard hentry category-neuigkeiten\"><ul class=\"comment-box clearfix\"><li class=\"date clearfix\">\n\t\t\t\t\t\t\t\t<div class=\"value\">AUGUST 4, 2023<\/div>\n\t\t\t\t\t\t\t\t<div class=\"arrow-date\"><\/div>\n\t\t\t\t\t\t\t<\/li><li class=\"comments-number\">\t\t\t<a href=\"https:\/\/course.berit-exbit.ch\/home\/2023\/08\/04\/unser-neues-teammitglied\/#respond\" title=\"0 COMMENTS\">0<\/a>\n\t\t\t\t\t\t\t<\/li><\/ul><div class=\"post-content\"><h2 class=\"post-title\"><a href=\"https:\/\/course.berit-exbit.ch\/home\/2023\/08\/04\/unser-neues-teammitglied\/\" title=\"Unser neues Teammitglied\">Unser neues Teammitglied<\/a><\/h2><p>Wir heissen\u00a0DM (D) Marion Weiher- Matschulat, Fach\u00e4rztin f\u00fcr Allgemeinmedizin (D),\u00a0bei uns im Team herzlich willkommen. Lebenslauf Studium der Humanmedizin in Berlin Seit 1990 Fach\u00e4rztin f\u00fcr Allgemeinmedizin 1992 niedergelassene \u00c4rztin in eigener Praxis in Berlin und Halle Seit 2007 haus\u00e4rztliche Praxis im Thurgau Schwerpunkte und Kernkompetenzen: Umfassende haus\u00e4rztliche Versorgung Vorsorgeuntersuchungen Checkup Impfberatung Reiseimpfberatung Infusionstherapien Ultraschalluntersuchungen Schilddr\u00fcse<\/p>\n\t\t<div class=\"post-footer clearfix\">\n\t\t\t\t\t\t\t\t<ul class=\"post-footer-details\"><li class=\"post-footer-author\">\n\t\t\t\t\t\t\t\t\t\t<a class=\"author\" href=\"https:\/\/course.berit-exbit.ch\/home\" title=\"admin\">admin<\/a>\n\t\t\t\t\t\t\t\t\t<\/li><li class=\"post-footer-category\">\n\t\t\t\t\t\t\t\t\t\t\t<a href=\"https:\/\/course.berit-exbit.ch\/home\/category\/neuigkeiten\/\" title=\"View all posts filed under NEUIGKEITEN\">NEUIGKEITEN<\/a>\n\t\t\t\t\t\t\t\t\t\t<\/li><\/ul><\/div><\/div><\/li><\/ul><ul class='pagination page-margin-top'><li class='selected'><span>1<\/span><\/li><li><a href='https:\/\/course.berit-exbit.ch\/home\/wp-json\/wp\/v2\/pages\/4399\/page\/2\/'>2<\/a><\/li><\/ul>[\/vc_column][\/vc_row]\n","protected":false},"excerpt":{"rendered":"<p>[vc_row][vc_column][\/vc_column][\/vc_row]<\/p>\n","protected":false},"author":1,"featured_media":0,"parent":0,"menu_order":0,"comment_status":"closed","ping_status":"closed","template":"","meta":{"footnotes":""},"class_list":["post-4399","page","type-page","status-publish","hentry"],"_links":{"self":[{"href":"https:\/\/course.berit-exbit.ch\/home\/wp-json\/wp\/v2\/pages\/4399","targetHints":{"allow":["GET"]}}],"collection":[{"href":"https:\/\/course.berit-exbit.ch\/home\/wp-json\/wp\/v2\/pages"}],"about":[{"href":"https:\/\/course.berit-exbit.ch\/home\/wp-json\/wp\/v2\/types\/page"}],"author":[{"embeddable":true,"href":"https:\/\/course.berit-exbit.ch\/home\/wp-json\/wp\/v2\/users\/1"}],"replies":[{"embeddable":true,"href":"https:\/\/course.berit-exbit.ch\/home\/wp-json\/wp\/v2\/comments?post=4399"}],"version-history":[{"count":2,"href":"https:\/\/course.berit-exbit.ch\/home\/wp-json\/wp\/v2\/pages\/4399\/revisions"}],"predecessor-version":[{"id":4402,"href":"https:\/\/course.berit-exbit.ch\/home\/wp-json\/wp\/v2\/pages\/4399\/revisions\/4402"}],"wp:attachment":[{"href":"https:\/\/course.berit-exbit.ch\/home\/wp-json\/wp\/v2\/media?parent=4399"}],"curies":[{"name":"wp","href":"https:\/\/api.w.org\/{rel}","templated":true}]}}