{"id":5,"date":"2013-02-14T10:20:55","date_gmt":"2013-02-14T10:20:55","guid":{"rendered":"http:\/\/localhost\/wordpress\/medicenter\/?page_id=5"},"modified":"2023-08-17T04:50:32","modified_gmt":"2023-08-17T04:50:32","slug":"home-style-3","status":"publish","type":"page","link":"https:\/\/course.berit-exbit.ch\/home\/","title":{"rendered":"Home1"},"content":{"rendered":"[vc_row type=&#8221;full-width&#8221;][vc_column][rev_slider_vc alias=&#8221;home&#8221;][\/vc_column][\/vc_row][vc_row][vc_column el_id=&#8221;displayResult&#8221;][vc_widget_sidebar sidebar_id=&#8221;sidebar-home-top&#8221; el_class=&#8221;home-box-container-list for-home-slider&#8221;][vc_row_inner][vc_column_inner][\/vc_column_inner][\/vc_row_inner][\/vc_column][\/vc_row][vc_row][vc_column width=&#8221;2\/3&#8243;]<h2 class=\"box-header\">Unser Angebot<\/h2>[vc_raw_html]JTNDZGl2JTIwY2xhc3MlM0QlMjJncmlkLWNvbnRhaW5lciUyMiUzRSUwQSUyMCUyMCUzQ2RpdiUyMGNsYXNzJTNEJTIyZ3JpZC1pdGVtJTIyJTNFJTBBJTIwJTIwJTIwJTIwJTNDZGl2JTIwY2xhc3MlM0QlMjJjb250ZW50LXdyYXBwZXIlMjIlM0UlMEElMjAlMjAlMjAlMjAlMjAlMjAlM0NhJTIwaHJlZiUzRCUyMiUyRmhvbWUlMkZhbmdlYm90ZSUyRmFsbGdlbWVpbm1lZGl6aW4lMkYlMjIlM0UlMEElMjAlMjAlMjAlMjAlMjAlMjAlMjAlMjAlM0NpbWclMjBkZWNvZGluZyUzRCUyMmFzeW5jJTIyJTIwY2xhc3MlM0QlMjJDbHNpbWclMjBhbGlnbmNlbnRlciUyMHdwLWltYWdlLTQzNDglMjBzaXplLWZ1bGwlMjIlMjBzcmMlM0QlMjIlMkZob21lJTJGd3AtY29udGVudCUyRnVwbG9hZHMlMkYyMDIzJTJGMDglMkZVbnRpdGxlZC0xLmpwZyUyMiUyMGFsdCUzRCUyMiUyMiUyMHdpZHRoJTNEJTIyMzAwJTIyJTIwaGVpZ2h0JTNEJTIyMjEwJTIyJTNFJTBBJTIwJTIwJTIwJTIwJTIwJTIwJTNDJTJGYSUzRSUwQSUyMCUyMCUyMCUyMCUyMCUyMCUzQ2g0JTIwY2xhc3MlM0QlMjJncmF5LWJhY2tncm91bmQlMjIlM0VBTExHRU1FSU5NRURJWklOJTNDJTJGaDQlM0UlMEElMjAlMjAlMjAlMjAlM0MlMkZkaXYlM0UlMEElMjAlMjAlM0MlMkZkaXYlM0UlMEElMjAlMjAlM0NkaXYlMjBjbGFzcyUzRCUyMmdyaWQtaXRlbSUyMiUzRSUwQSUyMCUyMCUyMCUyMCUyMCUyMCUzQ2RpdiUyMGNsYXNzJTNEJTIyY29udGVudC13cmFwcGVyJTIyJTNFJTBBJTIwJTIwJTIwJTIwJTIwJTIwJTIwJTIwJTNDYSUyMGhyZWYlM0QlMjIlMkZob21lJTJGZ3luYWtvbG9naWUtZ2VidXJ0c2hpbGZlJTJGJTIyJTNFJTBBJTIwJTIwJTIwJTIwJTIwJTIwJTIwJTNDaW1nJTIwZGVjb2RpbmclM0QlMjJhc3luYyUyMiUyMGNsYXNzJTNEJTIyQ2xzaW1nJTIwYWxpZ25jZW50ZXIlMjB3cC1pbWFnZS00MzQ4JTIwc2l6ZS1mdWxsJTIyJTIwc3JjJTNEJTIyJTJGaG9tZSUyRndwLWNvbnRlbnQlMkZ1cGxvYWRzJTJGMjAyMyUyRjA4JTJGR3luYWtvbG9naWVfMzAweDIxMC5qcGclMjIlMjBhbHQlM0QlMjIlMjIlMjB3aWR0aCUzRCUyMjMwMCUyMiUyMGhlaWdodCUzRCUyMjIxMCUyMiUzRSUwQSUyMCUyMCUyMCUyMCUyMCUyMCUzQyUyRmElM0UlMEElMjAlMjAlMjAlMjAlMjAlMjAlMjAlM0NoNCUyMGNsYXNzJTNEJTIyZ3JheS1iYWNrZ3JvdW5kJTIyJTNFR1lOJUMzJTg0S09MT0dJRSUyMCUyNmFtcCUzQiUyMEdFQlVSVFNISUxGRSUzQyUyRmg0JTNFJTBBJTIwJTIwJTIwJTIwJTIwJTIwJTNDJTJGZGl2JTNFJTBBJTIwJTIwJTNDJTJGZGl2JTNFJTBBJTIwJTIwJTNDZGl2JTIwY2xhc3MlM0QlMjJncmlkLWl0ZW0lMjIlM0UlMEElMjAlMjAlMjAlMjAlMjAlMjAlM0NkaXYlMjBjbGFzcyUzRCUyMmNvbnRlbnQtd3JhcHBlciUyMiUzRSUwQSUyMCUyMCUyMCUyMCUyMCUyMCUyMCUyMCUzQ2ElMjBocmVmJTNEJTIyJTJGaG9tZSUyRm9ydGhvcGFkaWUlMkYlMjIlM0UlMEElMjAlMjAlMjAlMjAlMjAlMjAlMjAlM0NpbWclMjBkZWNvZGluZyUzRCUyMmFzeW5jJTIyJTIwY2xhc3MlM0QlMjJDbHNpbWclMjBhbGlnbmNlbnRlciUyMHdwLWltYWdlLTQzNDglMjBzaXplLWZ1bGwlMjIlMjBzcmMlM0QlMjIlMkZob21lJTJGd3AtY29udGVudCUyRnVwbG9hZHMlMkYyMDIzJTJGMDglMkZPcnRob3BhZGllXzMwMHgyMTAuanBnJTIyJTIwYWx0JTNEJTIyJTIyJTIwd2lkdGglM0QlMjIzMDAlMjIlMjBoZWlnaHQlM0QlMjIyMTAlMjIlM0UlMEElMjAlMjAlMjAlMjAlMjAlMjAlM0MlMkZhJTNFJTBBJTIwJTIwJTIwJTIwJTIwJTIwJTIwJTNDaDQlMjBjbGFzcyUzRCUyMmdyYXktYmFja2dyb3VuZCUyMiUzRU9SVEhPUCVDMyU4NERJRSUzQyUyRmg0JTNFJTBBJTIwJTIwJTIwJTIwJTIwJTIwJTNDJTJGZGl2JTNFJTBBJTIwJTIwJTNDJTJGZGl2JTNFJTBBJTIwJTIwJTNDZGl2JTIwY2xhc3MlM0QlMjJncmlkLWl0ZW0lMjIlM0UlMEElMjAlMjAlMjAlMjAlMjAlMjAlM0NkaXYlMjBjbGFzcyUzRCUyMmNvbnRlbnQtd3JhcHBlciUyMiUzRSUwQSUyMCUyMCUyMCUyMCUyMCUyMCUyMCUyMCUzQ2ElMjBocmVmJTNEJTIyJTJGaG9tZSUyRmRlcm1hdG9sb2dpZS12ZW5lcm9sb2dpZSUyRiUyMiUzRSUwQSUyMCUyMCUyMCUyMCUyMCUyMCUyMCUzQ2ltZyUyMGRlY29kaW5nJTNEJTIyYXN5bmMlMjIlMjBjbGFzcyUzRCUyMkNsc2ltZyUyMGFsaWduY2VudGVyJTIwd3AtaW1hZ2UtNDM0OCUyMHNpemUtZnVsbCUyMiUyMHNyYyUzRCUyMiUyRmhvbWUlMkZ3cC1jb250ZW50JTJGdXBsb2FkcyUyRjIwMjMlMkYwOCUyRkRlcm1hdG9sb2dpZV8zMDB4MjEwLmpwZyUyMiUyMGFsdCUzRCUyMiUyMiUyMHdpZHRoJTNEJTIyMzAwJTIyJTIwaGVpZ2h0JTNEJTIyMjEwJTIyJTNFJTBBJTIwJTIwJTIwJTIwJTIwJTIwJTNDJTJGYSUzRSUwQSUyMCUyMCUyMCUyMCUyMCUyMCUyMCUzQ2g0JTIwY2xhc3MlM0QlMjJncmF5LWJhY2tncm91bmQlMjIlM0VERVJNQVRPTE9HSUUlMjAlMjYlMjBWRU5FUk9MT0dJRSUzQyUyRmg0JTNFJTBBJTIwJTIwJTIwJTIwJTIwJTIwJTNDJTJGZGl2JTNFJTBBJTIwJTIwJTNDJTJGZGl2JTNFJTBBJTIwJTIwJTNDZGl2JTIwY2xhc3MlM0QlMjJncmlkLWl0ZW0lMjIlM0UlMEElMjAlMjAlMjAlMjAlMjAlMjAlM0NkaXYlMjBjbGFzcyUzRCUyMmNvbnRlbnQtd3JhcHBlciUyMiUzRSUwQSUyMCUyMCUyMCUyMCUyMCUyMCUyMCUyMCUzQ2ElMjBocmVmJTNEJTIyJTJGaG9tZSUyRmFzdGhldGlzY2hlLW1lZGl6aW4lMkYlMjIlM0UlMEElMjAlMjAlMjAlMjAlMjAlMjAlMjAlM0NpbWclMjBkZWNvZGluZyUzRCUyMmFzeW5jJTIyJTIwY2xhc3MlM0QlMjJDbHNpbWclMjBhbGlnbmNlbnRlciUyMHdwLWltYWdlLTQzNDglMjBzaXplLWZ1bGwlMjIlMjBzcmMlM0QlMjIlMkZob21lJTJGd3AtY29udGVudCUyRnVwbG9hZHMlMkYyMDIzJTJGMDglMkZBZHZhbmNlZF84MjB4MzIwLTQ4MHgzMjAtMS5qcGclMjIlMjBhbHQlM0QlMjIlMjIlMjB3aWR0aCUzRCUyMjMwMCUyMiUyMGhlaWdodCUzRCUyMjIxMCUyMiUzRSUwQSUyMCUyMCUyMCUyMCUyMCUyMCUzQyUyRmElM0UlMEElMjAlMjAlMjAlMjAlMjAlMjAlMjAlM0NoNCUyMGNsYXNzJTNEJTIyZ3JheS1iYWNrZ3JvdW5kJTIyJTNFJUMzJTg0U1RIRVRJU0NIRSUyME1FRElaSU4lM0MlMkZoNCUzRSUwQSUyMCUyMCUyMCUyMCUyMCUyMCUzQyUyRmRpdiUzRSUwQSUyMCUyMCUzQyUyRmRpdiUzRSUwQSUyMCUyMCUzQ2RpdiUyMGNsYXNzJTNEJTIyZ3JpZC1pdGVtJTIyJTNFJTBBJTIwJTIwJTIwJTIwJTIwJTIwJTNDZGl2JTIwY2xhc3MlM0QlMjJjb250ZW50LXdyYXBwZXIlMjIlM0UlMEElMjAlMjAlMjAlMjAlMjAlMjAlMjAlMjAlM0NhJTIwaHJlZiUzRCUyMiUyRmhvbWUlMkZoYWFyZW50ZmVybnVuZyUyMiUzRSUwQSUyMCUyMCUyMCUyMCUyMCUyMCUyMCUzQ2ltZyUyMGRlY29kaW5nJTNEJTIyYXN5bmMlMjIlMjBjbGFzcyUzRCUyMkNsc2ltZyUyMGFsaWduY2VudGVyJTIwd3AtaW1hZ2UtNDM0OCUyMHNpemUtZnVsbCUyMiUyMHNyYyUzRCUyMiUyRmhvbWUlMkZ3cC1jb250ZW50JTJGdXBsb2FkcyUyRjIwMjMlMkYwOCUyRkhhYXJlbnRmZXJudW5nLTIuanBnJTIyJTIwYWx0JTNEJTIyJTIyJTIwd2lkdGglM0QlMjIzMDAlMjIlMjBoZWlnaHQlM0QlMjIyMTAlMjIlM0UlMEElMjAlMjAlMjAlMjAlMjAlMjAlM0MlMkZhJTNFJTBBJTIwJTIwJTIwJTIwJTIwJTIwJTIwJTNDaDQlMjBjbGFzcyUzRCUyMmdyYXktYmFja2dyb3VuZCUyMiUzRUhBQVJFTlRGRVJOVU5HJTNDJTJGaDQlM0UlMEElMjAlMjAlMjAlMjAlMjAlMjAlM0MlMkZkaXYlM0UlMEElMjAlMjAlM0MlMkZkaXYlM0UlMEElM0MlMkZkaXYlM0U=[\/vc_raw_html]<h3 class=\"box-header page-margin-top-section\">Neuigkeiten<\/h3>[\/vc_column][\/vc_row][vc_row][vc_column width=&#8221;2\/3&#8243;]<ul class=\"blog clearfix\"><li class=\" post post-4380 type-post status-publish format-standard hentry category-neuigkeiten\"><ul class=\"comment-box clearfix\"><li class=\"date clearfix\">\n\t\t\t\t\t\t\t\t<div class=\"value\">FEBRUARY 4, 2023<\/div>\n\t\t\t\t\t\t\t\t<div class=\"arrow-date\"><\/div>\n\t\t\t\t\t\t\t<\/li><li class=\"comments-number\">\t\t\t<a href=\"https:\/\/course.berit-exbit.ch\/home\/2023\/02\/04\/vaginalverjungung-mit-prp\/#respond\" title=\"0 COMMENTS\">0<\/a>\n\t\t\t\t\t\t\t<\/li><\/ul><div class=\"post-content\"><h2 class=\"post-title\"><a href=\"https:\/\/course.berit-exbit.ch\/home\/2023\/02\/04\/vaginalverjungung-mit-prp\/\" title=\"Vaginalverj\u00fcngung mit PRP\">Vaginalverj\u00fcngung mit PRP<\/a><\/h2><p>Die Therapie mit PRP ist eine moderne medizinische Option zur Geweberegeneration. Das pl\u00e4ttchenreiche Plasma (PRP) ist ein autologes biologisches Mittel, das auf nat\u00fcrliche Weise zur Regeneration und Hydratation von Geweben beitr\u00e4gt, die das Ziel hat, die Vagina, die Symptome einer Atrophie aufweist, zu regenerieren. Indikationen: Scheidentrockenheit Schmerzen im Intimbereich Libidost\u00f6rungen Lichen Sclerosus Buchen Sie Ihre<\/p>\n\t\t<div class=\"post-footer clearfix\">\n\t\t\t\t\t\t\t\t<ul class=\"post-footer-details\"><li class=\"post-footer-author\">\n\t\t\t\t\t\t\t\t\t\t<a class=\"author\" href=\"https:\/\/course.berit-exbit.ch\/home\" title=\"admin\">admin<\/a>\n\t\t\t\t\t\t\t\t\t<\/li><li class=\"post-footer-category\">\n\t\t\t\t\t\t\t\t\t\t\t<a href=\"https:\/\/course.berit-exbit.ch\/home\/category\/neuigkeiten\/\" title=\"View all posts filed under NEUIGKEITEN\">NEUIGKEITEN<\/a>\n\t\t\t\t\t\t\t\t\t\t<\/li><\/ul><\/div><\/div><\/li><li class=\" post post-4385 type-post status-publish format-standard hentry category-neuigkeiten\"><ul class=\"comment-box clearfix\"><li class=\"date clearfix\">\n\t\t\t\t\t\t\t\t<div class=\"value\">AUGUST 4, 2023<\/div>\n\t\t\t\t\t\t\t\t<div class=\"arrow-date\"><\/div>\n\t\t\t\t\t\t\t<\/li><li class=\"comments-number\">\t\t\t<a href=\"https:\/\/course.berit-exbit.ch\/home\/2023\/08\/04\/unser-neues-teammitglied\/#respond\" title=\"0 COMMENTS\">0<\/a>\n\t\t\t\t\t\t\t<\/li><\/ul><div class=\"post-content\"><h2 class=\"post-title\"><a href=\"https:\/\/course.berit-exbit.ch\/home\/2023\/08\/04\/unser-neues-teammitglied\/\" title=\"Unser neues Teammitglied\">Unser neues Teammitglied<\/a><\/h2><p>Wir heissen\u00a0DM (D) Marion Weiher- Matschulat, Fach\u00e4rztin f\u00fcr Allgemeinmedizin (D),\u00a0bei uns im Team herzlich willkommen. Lebenslauf Studium der Humanmedizin in Berlin Seit 1990 Fach\u00e4rztin f\u00fcr Allgemeinmedizin 1992 niedergelassene \u00c4rztin in eigener Praxis in Berlin und Halle Seit 2007 haus\u00e4rztliche Praxis im Thurgau Schwerpunkte und Kernkompetenzen: Umfassende haus\u00e4rztliche Versorgung Vorsorgeuntersuchungen Checkup Impfberatung Reiseimpfberatung Infusionstherapien Ultraschalluntersuchungen Schilddr\u00fcse<\/p>\n\t\t<div class=\"post-footer clearfix\">\n\t\t\t\t\t\t\t\t<ul class=\"post-footer-details\"><li class=\"post-footer-author\">\n\t\t\t\t\t\t\t\t\t\t<a class=\"author\" href=\"https:\/\/course.berit-exbit.ch\/home\" title=\"admin\">admin<\/a>\n\t\t\t\t\t\t\t\t\t<\/li><li class=\"post-footer-category\">\n\t\t\t\t\t\t\t\t\t\t\t<a href=\"https:\/\/course.berit-exbit.ch\/home\/category\/neuigkeiten\/\" title=\"View all posts filed under NEUIGKEITEN\">NEUIGKEITEN<\/a>\n\t\t\t\t\t\t\t\t\t\t<\/li><\/ul><\/div><\/div><\/li><li class=\" post post-4387 type-post status-publish format-standard hentry category-neuigkeiten\"><ul class=\"comment-box clearfix\"><li class=\"date clearfix\">\n\t\t\t\t\t\t\t\t<div class=\"value\">AUGUST 4, 2023<\/div>\n\t\t\t\t\t\t\t\t<div class=\"arrow-date\"><\/div>\n\t\t\t\t\t\t\t<\/li><li class=\"comments-number\">\t\t\t<a href=\"https:\/\/course.berit-exbit.ch\/home\/2023\/08\/04\/hausarzt-50-100-fur-moderne-arztpraxis-in-bassersdorf-gesucht\/#respond\" title=\"0 COMMENTS\">0<\/a>\n\t\t\t\t\t\t\t<\/li><\/ul><div class=\"post-content\"><h2 class=\"post-title\"><a href=\"https:\/\/course.berit-exbit.ch\/home\/2023\/08\/04\/hausarzt-50-100-fur-moderne-arztpraxis-in-bassersdorf-gesucht\/\" title=\"Hausarzt 50-100% f\u00fcr moderne Arztpraxis in Bassersdorf gesucht\">Hausarzt 50-100% f\u00fcr moderne Arztpraxis in Bassersdorf gesucht<\/a><\/h2><p>Zur Unterst\u00fctzung des bestehenden Praxisteams, suchen wir per sofort oder nach Vereinbarung einen\/e Facharzt (m\/w) f\u00fcr Allgemeinmedizin oder Innere Medizin (50-100%) in Bassersdorf. Sie sind Facharzt\/Fach\u00e4rztin oder praktischer Arzt\/\u00c4rztin f\u00fcr Allgemeine Innere Medizin oder Allgemeinmedizin und haben bereits Erfahrung in der ambulanten Grundversorgung. Sie sch\u00e4tzen die Arbeit in einem famili\u00e4ren Umfeld. Ihr offener und angenehmer<\/p>\n\t\t<div class=\"post-footer clearfix\">\n\t\t\t\t\t\t\t\t<ul class=\"post-footer-details\"><li class=\"post-footer-author\">\n\t\t\t\t\t\t\t\t\t\t<a class=\"author\" href=\"https:\/\/course.berit-exbit.ch\/home\" title=\"admin\">admin<\/a>\n\t\t\t\t\t\t\t\t\t<\/li><li class=\"post-footer-category\">\n\t\t\t\t\t\t\t\t\t\t\t<a href=\"https:\/\/course.berit-exbit.ch\/home\/category\/neuigkeiten\/\" title=\"View all posts filed under NEUIGKEITEN\">NEUIGKEITEN<\/a>\n\t\t\t\t\t\t\t\t\t\t<\/li><\/ul><\/div><\/div><\/li><li class=\" post post-4389 type-post status-publish format-standard hentry category-neuigkeiten\"><ul class=\"comment-box clearfix\"><li class=\"date clearfix\">\n\t\t\t\t\t\t\t\t<div class=\"value\">AUGUST 4, 2023<\/div>\n\t\t\t\t\t\t\t\t<div class=\"arrow-date\"><\/div>\n\t\t\t\t\t\t\t<\/li><li class=\"comments-number\">\t\t\t<a href=\"https:\/\/course.berit-exbit.ch\/home\/2023\/08\/04\/covid-19-impfung-moderna\/#respond\" title=\"0 COMMENTS\">0<\/a>\n\t\t\t\t\t\t\t<\/li><\/ul><div class=\"post-content\"><h2 class=\"post-title\"><a href=\"https:\/\/course.berit-exbit.ch\/home\/2023\/08\/04\/covid-19-impfung-moderna\/\" title=\"Covid-19 Impfung (Moderna)\">Covid-19 Impfung (Moderna)<\/a><\/h2><p>Buchen Sie Ihren Impftermin 044 xxxxxx F\u00fcr weitere Informationen oder bei Fragen, wenden Sie sich bitte direkt via Mail an: info@xxxxx.ch<\/p>\n\t\t<div class=\"post-footer clearfix\">\n\t\t\t\t\t\t\t\t<ul class=\"post-footer-details\"><li class=\"post-footer-author\">\n\t\t\t\t\t\t\t\t\t\t<a class=\"author\" href=\"https:\/\/course.berit-exbit.ch\/home\" title=\"admin\">admin<\/a>\n\t\t\t\t\t\t\t\t\t<\/li><li class=\"post-footer-category\">\n\t\t\t\t\t\t\t\t\t\t\t<a href=\"https:\/\/course.berit-exbit.ch\/home\/category\/neuigkeiten\/\" title=\"View all posts filed under NEUIGKEITEN\">NEUIGKEITEN<\/a>\n\t\t\t\t\t\t\t\t\t\t<\/li><\/ul><\/div><\/div><\/li><\/ul><ul class='pagination page-margin-top'><li class='selected'><span>1<\/span><\/li><li><a href='https:\/\/course.berit-exbit.ch\/home\/wp-json\/wp\/v2\/pages\/5\/page\/2\/'>2<\/a><\/li><\/ul><div class=\"show-all clearfix\"><a class=\"template-arrow-horizontal-1-after\" href=\"\/student01\/neuigkeiten\" title=\"Alle Neuigkeiten\">Alle Neuigkeiten<\/a><\/div>[\/vc_column][vc_column width=&#8221;1\/3&#8243;][vc_widget_sidebar sidebar_id=&#8221;sidebar-home-right-style-2&#8243;][\/vc_column][\/vc_row]\n","protected":false},"excerpt":{"rendered":"<p>[vc_row type=&#8221;full-width&#8221;][vc_column][rev_slider_vc alias=&#8221;home&#8221;][\/vc_column][\/vc_row][vc_row][vc_column el_id=&#8221;displayResult&#8221;][vc_widget_sidebar sidebar_id=&#8221;sidebar-home-top&#8221; el_class=&#8221;home-box-container-list for-home-slider&#8221;][vc_row_inner][vc_column_inner][\/vc_column_inner][\/vc_row_inner][\/vc_column][\/vc_row][vc_row][vc_column width=&#8221;2\/3&#8243;][vc_raw_html]JTNDZGl2JTIwY2xhc3MlM0QlMjJncmlkLWNvbnRhaW5lciUyMiUzRSUwQSUyMCUyMCUzQ2RpdiUyMGNsYXNzJTNEJTIyZ3JpZC1pdGVtJTIyJTNFJTBBJTIwJTIwJTIwJTIwJTNDZGl2JTIwY2xhc3MlM0QlMjJjb250ZW50LXdyYXBwZXIlMjIlM0UlMEElMjAlMjAlMjAlMjAlMjAlMjAlM0NhJTIwaHJlZiUzRCUyMiUyRmhvbWUlMkZhbmdlYm90ZSUyRmFsbGdlbWVpbm1lZGl6aW4lMkYlMjIlM0UlMEElMjAlMjAlMjAlMjAlMjAlMjAlMjAlMjAlM0NpbWclMjBkZWNvZGluZyUzRCUyMmFzeW5jJTIyJTIwY2xhc3MlM0QlMjJDbHNpbWclMjBhbGlnbmNlbnRlciUyMHdwLWltYWdlLTQzNDglMjBzaXplLWZ1bGwlMjIlMjBzcmMlM0QlMjIlMkZob21lJTJGd3AtY29udGVudCUyRnVwbG9hZHMlMkYyMDIzJTJGMDglMkZVbnRpdGxlZC0xLmpwZyUyMiUyMGFsdCUzRCUyMiUyMiUyMHdpZHRoJTNEJTIyMzAwJTIyJTIwaGVpZ2h0JTNEJTIyMjEwJTIyJTNFJTBBJTIwJTIwJTIwJTIwJTIwJTIwJTNDJTJGYSUzRSUwQSUyMCUyMCUyMCUyMCUyMCUyMCUzQ2g0JTIwY2xhc3MlM0QlMjJncmF5LWJhY2tncm91bmQlMjIlM0VBTExHRU1FSU5NRURJWklOJTNDJTJGaDQlM0UlMEElMjAlMjAlMjAlMjAlM0MlMkZkaXYlM0UlMEElMjAlMjAlM0MlMkZkaXYlM0UlMEElMjAlMjAlM0NkaXYlMjBjbGFzcyUzRCUyMmdyaWQtaXRlbSUyMiUzRSUwQSUyMCUyMCUyMCUyMCUyMCUyMCUzQ2RpdiUyMGNsYXNzJTNEJTIyY29udGVudC13cmFwcGVyJTIyJTNFJTBBJTIwJTIwJTIwJTIwJTIwJTIwJTIwJTIwJTNDYSUyMGhyZWYlM0QlMjIlMkZob21lJTJGZ3luYWtvbG9naWUtZ2VidXJ0c2hpbGZlJTJGJTIyJTNFJTBBJTIwJTIwJTIwJTIwJTIwJTIwJTIwJTNDaW1nJTIwZGVjb2RpbmclM0QlMjJhc3luYyUyMiUyMGNsYXNzJTNEJTIyQ2xzaW1nJTIwYWxpZ25jZW50ZXIlMjB3cC1pbWFnZS00MzQ4JTIwc2l6ZS1mdWxsJTIyJTIwc3JjJTNEJTIyJTJGaG9tZSUyRndwLWNvbnRlbnQlMkZ1cGxvYWRzJTJGMjAyMyUyRjA4JTJGR3luYWtvbG9naWVfMzAweDIxMC5qcGclMjIlMjBhbHQlM0QlMjIlMjIlMjB3aWR0aCUzRCUyMjMwMCUyMiUyMGhlaWdodCUzRCUyMjIxMCUyMiUzRSUwQSUyMCUyMCUyMCUyMCUyMCUyMCUzQyUyRmElM0UlMEElMjAlMjAlMjAlMjAlMjAlMjAlMjAlM0NoNCUyMGNsYXNzJTNEJTIyZ3JheS1iYWNrZ3JvdW5kJTIyJTNFR1lOJUMzJTg0S09MT0dJRSUyMCUyNmFtcCUzQiUyMEdFQlVSVFNISUxGRSUzQyUyRmg0JTNFJTBBJTIwJTIwJTIwJTIwJTIwJTIwJTNDJTJGZGl2JTNFJTBBJTIwJTIwJTNDJTJGZGl2JTNFJTBBJTIwJTIwJTNDZGl2JTIwY2xhc3MlM0QlMjJncmlkLWl0ZW0lMjIlM0UlMEElMjAlMjAlMjAlMjAlMjAlMjAlM0NkaXYlMjBjbGFzcyUzRCUyMmNvbnRlbnQtd3JhcHBlciUyMiUzRSUwQSUyMCUyMCUyMCUyMCUyMCUyMCUyMCUyMCUzQ2ElMjBocmVmJTNEJTIyJTJGaG9tZSUyRm9ydGhvcGFkaWUlMkYlMjIlM0UlMEElMjAlMjAlMjAlMjAlMjAlMjAlMjAlM0NpbWclMjBkZWNvZGluZyUzRCUyMmFzeW5jJTIyJTIwY2xhc3MlM0QlMjJDbHNpbWclMjBhbGlnbmNlbnRlciUyMHdwLWltYWdlLTQzNDglMjBzaXplLWZ1bGwlMjIlMjBzcmMlM0QlMjIlMkZob21lJTJGd3AtY29udGVudCUyRnVwbG9hZHMlMkYyMDIzJTJGMDglMkZPcnRob3BhZGllXzMwMHgyMTAuanBnJTIyJTIwYWx0JTNEJTIyJTIyJTIwd2lkdGglM0QlMjIzMDAlMjIlMjBoZWlnaHQlM0QlMjIyMTAlMjIlM0UlMEElMjAlMjAlMjAlMjAlMjAlMjAlM0MlMkZhJTNFJTBBJTIwJTIwJTIwJTIwJTIwJTIwJTIwJTNDaDQlMjBjbGFzcyUzRCUyMmdyYXktYmFja2dyb3VuZCUyMiUzRU9SVEhPUCVDMyU4NERJRSUzQyUyRmg0JTNFJTBBJTIwJTIwJTIwJTIwJTIwJTIwJTNDJTJGZGl2JTNFJTBBJTIwJTIwJTNDJTJGZGl2JTNFJTBBJTIwJTIwJTNDZGl2JTIwY2xhc3MlM0QlMjJncmlkLWl0ZW0lMjIlM0UlMEElMjAlMjAlMjAlMjAlMjAlMjAlM0NkaXYlMjBjbGFzcyUzRCUyMmNvbnRlbnQtd3JhcHBlciUyMiUzRSUwQSUyMCUyMCUyMCUyMCUyMCUyMCUyMCUyMCUzQ2ElMjBocmVmJTNEJTIyJTJGaG9tZSUyRmRlcm1hdG9sb2dpZS12ZW5lcm9sb2dpZSUyRiUyMiUzRSUwQSUyMCUyMCUyMCUyMCUyMCUyMCUyMCUzQ2ltZyUyMGRlY29kaW5nJTNEJTIyYXN5bmMlMjIlMjBjbGFzcyUzRCUyMkNsc2ltZyUyMGFsaWduY2VudGVyJTIwd3AtaW1hZ2UtNDM0OCUyMHNpemUtZnVsbCUyMiUyMHNyYyUzRCUyMiUyRmhvbWUlMkZ3cC1jb250ZW50JTJGdXBsb2FkcyUyRjIwMjMlMkYwOCUyRkRlcm1hdG9sb2dpZV8zMDB4MjEwLmpwZyUyMiUyMGFsdCUzRCUyMiUyMiUyMHdpZHRoJTNEJTIyMzAwJTIyJTIwaGVpZ2h0JTNEJTIyMjEwJTIyJTNFJTBBJTIwJTIwJTIwJTIwJTIwJTIwJTNDJTJGYSUzRSUwQSUyMCUyMCUyMCUyMCUyMCUyMCUyMCUzQ2g0JTIwY2xhc3MlM0QlMjJncmF5LWJhY2tncm91bmQlMjIlM0VERVJNQVRPTE9HSUUlMjAlMjYlMjBWRU5FUk9MT0dJRSUzQyUyRmg0JTNFJTBBJTIwJTIwJTIwJTIwJTIwJTIwJTNDJTJGZGl2JTNFJTBBJTIwJTIwJTNDJTJGZGl2JTNFJTBBJTIwJTIwJTNDZGl2JTIwY2xhc3MlM0QlMjJncmlkLWl0ZW0lMjIlM0UlMEElMjAlMjAlMjAlMjAlMjAlMjAlM0NkaXYlMjBjbGFzcyUzRCUyMmNvbnRlbnQtd3JhcHBlciUyMiUzRSUwQSUyMCUyMCUyMCUyMCUyMCUyMCUyMCUyMCUzQ2ElMjBocmVmJTNEJTIyJTJGaG9tZSUyRmFzdGhldGlzY2hlLW1lZGl6aW4lMkYlMjIlM0UlMEElMjAlMjAlMjAlMjAlMjAlMjAlMjAlM0NpbWclMjBkZWNvZGluZyUzRCUyMmFzeW5jJTIyJTIwY2xhc3MlM0QlMjJDbHNpbWclMjBhbGlnbmNlbnRlciUyMHdwLWltYWdlLTQzNDglMjBzaXplLWZ1bGwlMjIlMjBzcmMlM0QlMjIlMkZob21lJTJGd3AtY29udGVudCUyRnVwbG9hZHMlMkYyMDIzJTJGMDglMkZBZHZhbmNlZF84MjB4MzIwLTQ4MHgzMjAtMS5qcGclMjIlMjBhbHQlM0QlMjIlMjIlMjB3aWR0aCUzRCUyMjMwMCUyMiUyMGhlaWdodCUzRCUyMjIxMCUyMiUzRSUwQSUyMCUyMCUyMCUyMCUyMCUyMCUzQyUyRmElM0UlMEElMjAlMjAlMjAlMjAlMjAlMjAlMjAlM0NoNCUyMGNsYXNzJTNEJTIyZ3JheS1iYWNrZ3JvdW5kJTIyJTNFJUMzJTg0U1RIRVRJU0NIRSUyME1FRElaSU4lM0MlMkZoNCUzRSUwQSUyMCUyMCUyMCUyMCUyMCUyMCUzQyUyRmRpdiUzRSUwQSUyMCUyMCUzQyUyRmRpdiUzRSUwQSUyMCUyMCUzQ2RpdiUyMGNsYXNzJTNEJTIyZ3JpZC1pdGVtJTIyJTNFJTBBJTIwJTIwJTIwJTIwJTIwJTIwJTNDZGl2JTIwY2xhc3MlM0QlMjJjb250ZW50LXdyYXBwZXIlMjIlM0UlMEElMjAlMjAlMjAlMjAlMjAlMjAlMjAlMjAlM0NhJTIwaHJlZiUzRCUyMiUyRmhvbWUlMkZoYWFyZW50ZmVybnVuZyUyMiUzRSUwQSUyMCUyMCUyMCUyMCUyMCUyMCUyMCUzQ2ltZyUyMGRlY29kaW5nJTNEJTIyYXN5bmMlMjIlMjBjbGFzcyUzRCUyMkNsc2ltZyUyMGFsaWduY2VudGVyJTIwd3AtaW1hZ2UtNDM0OCUyMHNpemUtZnVsbCUyMiUyMHNyYyUzRCUyMiUyRmhvbWUlMkZ3cC1jb250ZW50JTJGdXBsb2FkcyUyRjIwMjMlMkYwOCUyRkhhYXJlbnRmZXJudW5nLTIuanBnJTIyJTIwYWx0JTNEJTIyJTIyJTIwd2lkdGglM0QlMjIzMDAlMjIlMjBoZWlnaHQlM0QlMjIyMTAlMjIlM0UlMEElMjAlMjAlMjAlMjAlMjAlMjAlM0MlMkZhJTNFJTBBJTIwJTIwJTIwJTIwJTIwJTIwJTIwJTNDaDQlMjBjbGFzcyUzRCUyMmdyYXktYmFja2dyb3VuZCUyMiUzRUhBQVJFTlRGRVJOVU5HJTNDJTJGaDQlM0UlMEElMjAlMjAlMjAlMjAlMjAlMjAlM0MlMkZkaXYlM0UlMEElMjAlMjAlM0MlMkZkaXYlM0UlMEElM0MlMkZkaXYlM0U=[\/vc_raw_html][\/vc_column][\/vc_row][vc_row][vc_column width=&#8221;2\/3&#8243;][\/vc_column][vc_column width=&#8221;1\/3&#8243;][vc_widget_sidebar sidebar_id=&#8221;sidebar-home-right-style-2&#8243;][\/vc_column][\/vc_row]<\/p>\n","protected":false},"author":1,"featured_media":0,"parent":0,"menu_order":0,"comment_status":"open","ping_status":"open","template":"template-default-without-breadcrumbs.php","meta":{"footnotes":""},"class_list":["post-5","page","type-page","status-publish","hentry"],"_links":{"self":[{"href":"https:\/\/course.berit-exbit.ch\/home\/wp-json\/wp\/v2\/pages\/5","targetHints":{"allow":["GET"]}}],"collection":[{"href":"https:\/\/course.berit-exbit.ch\/home\/wp-json\/wp\/v2\/pages"}],"about":[{"href":"https:\/\/course.berit-exbit.ch\/home\/wp-json\/wp\/v2\/types\/page"}],"author":[{"embeddable":true,"href":"https:\/\/course.berit-exbit.ch\/home\/wp-json\/wp\/v2\/users\/1"}],"replies":[{"embeddable":true,"href":"https:\/\/course.berit-exbit.ch\/home\/wp-json\/wp\/v2\/comments?post=5"}],"version-history":[{"count":45,"href":"https:\/\/course.berit-exbit.ch\/home\/wp-json\/wp\/v2\/pages\/5\/revisions"}],"predecessor-version":[{"id":4644,"href":"https:\/\/course.berit-exbit.ch\/home\/wp-json\/wp\/v2\/pages\/5\/revisions\/4644"}],"wp:attachment":[{"href":"https:\/\/course.berit-exbit.ch\/home\/wp-json\/wp\/v2\/media?parent=5"}],"curies":[{"name":"wp","href":"https:\/\/api.w.org\/{rel}","templated":true}]}}