{"id":4209,"date":"2023-08-02T04:49:15","date_gmt":"2023-08-02T04:49:15","guid":{"rendered":"https:\/\/course.berit-exbit.ch\/student01\/?page_id=4209"},"modified":"2023-08-14T07:21:27","modified_gmt":"2023-08-14T07:21:27","slug":"haarentfernung","status":"publish","type":"page","link":"https:\/\/course.berit-exbit.ch\/student01\/haarentfernung\/","title":{"rendered":"HAARENTFERNUNG"},"content":{"rendered":"[vc_row][vc_column width=&#8220;1\/4&#8243;][vc_wp_custommenu nav_menu=&#8220;43&#8243; el_class=&#8220;vertical-menu&#8220;][vc_wp_custommenu nav_menu=&#8220;40&#8243; el_class=&#8220;vertical-menu&#8220;][vc_btn title=&#8220;PDF PREISLISTE&#8220; align=&#8220;center&#8220; i_align=&#8220;right&#8220; i_icon_fontawesome=&#8220;fas fa-arrow-circle-down&#8220; button_block=&#8220;true&#8220; add_icon=&#8220;true&#8220; link=&#8220;url:https%3A%2F%2Fcourse.berit-exbit.ch%2Fstudent01%2Fwp-content%2Fuploads%2F2023%2F08%2FPREISLISTE-Laser-Haarentfernung-2020.pdf|title:PDF%20PREISLISTE&#8220; css=&#8220;.vc_custom_1691997255818{margin-top: 50px !important;margin-right: 0px !important;margin-bottom: 0px !important;margin-left: 0px !important;}&#8220;]<ul class=\"gallery-item-details-list clearfix margin-bottom page-margin-top\"><li id=\"gallery-details-dr-med-chiara-dessi-fulgheri\" class=\"gallery-item-details clearfix\">\n\t\t\t\t\t<div class=\"vc_row wpb_row vc_row-fluid\">\n\t\t\t\t\t\t<div class=\"vc_col-sm-6 wpb_column vc_column_container\"><div class=\"gallery-box hover-icons-off\"><span class=\"mc-preloader\"><\/span>\n\t\t\t\t\t\t\t\t\t<img loading=\"lazy\" decoding=\"async\" width=\"600\" height=\"400\" src=\"https:\/\/course.berit-exbit.ch\/student01\/wp-content\/uploads\/2023\/08\/14_team-600x400-1.jpg\" class=\"mc-preload wp-post-image\" alt=\"Dr. med. Chiara Dess\u00ec Fulgheri\" title=\"\" srcset=\"https:\/\/course.berit-exbit.ch\/student01\/wp-content\/uploads\/2023\/08\/14_team-600x400-1.jpg 600w, https:\/\/course.berit-exbit.ch\/student01\/wp-content\/uploads\/2023\/08\/14_team-600x400-1-300x200.jpg 300w, https:\/\/course.berit-exbit.ch\/student01\/wp-content\/uploads\/2023\/08\/14_team-600x400-1-480x320.jpg 480w, https:\/\/course.berit-exbit.ch\/student01\/wp-content\/uploads\/2023\/08\/14_team-600x400-1-390x260.jpg 390w, https:\/\/course.berit-exbit.ch\/student01\/wp-content\/uploads\/2023\/08\/14_team-600x400-1-285x190.jpg 285w\" sizes=\"auto, (max-width: 600px) 100vw, 600px\" \/>\n\t\t\t\t\t\t\t\t\t<ul class=\"controls\">\n\t\t\t\t\t\t\t\t\t\t<li>\n\t\t\t\t\t\t\t\t\t\t\t<a href=\"https:\/\/course.berit-exbit.ch\/student01\/wp-content\/uploads\/2023\/08\/14_team-600x400-1.jpg\" class=\"template-plus-2 fancybox open-lightbox\" rel=\"featured-gallery\"><\/a>\n\t\t\t\t\t\t\t\t\t\t<\/li>\n\t\t\t\t\t\t\t\t\t<\/ul><div class=\"description\">\n\t\t\t\t\t\t\t\t\t\t<h3>Dr. med. Chiara Dess\u00ec Fulgheri<\/h3>\n\t\t\t\t\t\t\t\t\t\t<h5><\/h5>\n\t\t\t\t\t\t\t\t\t<\/div><\/div><\/div>\n\t\t\t\t\t<div class=\"vc_col-sm-6 wpb_column vc_column_container\">\n\t\t\t\t\t\t<div class=\"details-box\"><ul class=\"controls\"><li>\n\t\t\t\t\t\t\t\t\t\t<a href=\"#gallery-details-close\" class=\"close template-remove-1\"><\/a>\n\t\t\t\t\t\t\t\t\t<\/li>\n\t\t\t\t\t\t\t\t<\/ul><h2 class=\"box-header\"> Dr. med. Chiara Dess\u00ec Fulgheri<\/h2><div class=\"details-box\">\r\n    <ul class=\"controls\">\r\n        <li>\r\n            <a href=\"#gallery-details-andreas-krueger\" class=\"prev template-arrow-horizontal-3\"><\/a>\r\n        <\/li>\r\n        <li>\r\n            <a href=\"#gallery-details-dmd-marion-weiher-matschulat\" class=\"next template-arrow-horizontal-3\"><\/a>\r\n        <\/li>\r\n        <li class=\"separator\">&nbsp;<\/li>\r\n        <li>\r\n            <a href=\"#gallery-details-close\" class=\"close template-remove-1 __mPS2id\"><\/a>\r\n        <\/li>\r\n    <\/ul>\r\n \r\n    <h4>Fach\u00e4rztin f\u00fcr Dermatologie und Venerologie<\/h4>\r\n    <h3>Sprachkenntnisse<\/h3>\r\n    <h4>Deutsch, Italienisch<\/h4>\r\n    <h3>Lebenslauf<\/h3>\r\n    <ul>\r\n        <li>\r\n            <h4>Geboren in Sassari<\/h4>\r\n        <\/li>\r\n        <li>\r\n            <h4>1997\u20132005: Studium der Humanmedizin an der Universit\u00e4t in Sassari<\/h4>\r\n        <\/li>\r\n        <li>\r\n            <h4>2005\u20132009: Facharztausbildung auf dem Fachgebiet der Dermatologie und Venerologie an der Universit\u00e4t in\r\n                Sassari<\/h4>\r\n        <\/li>\r\n        <li>\r\n            <h4>2010\u20132015: Assistenz\u00e4rztin f\u00fcr Dermatologie und Venerologie, Krankenhaus Meran, Bozen und\r\n                Privatt\u00e4tigkeiten als Dermatologin in Bozen<\/h4>\r\n        <\/li>\r\n        <li>\r\n            <h4>2015\u20132017: Fach\u00e4rztin f\u00fcr Dermatologie und Venerologie, Allcare Hausarzt Zentren, Z\u00fcrich<\/h4>\r\n        <\/li>\r\n        <li>\r\n            <h4>Fach\u00e4rztin f\u00fcr Dermatologie und Venerologie, B3-Praxis am Bahnhofplatz, Z\u00fcrich<\/h4>\r\n        <\/li>\r\n    <\/ul>\r\n    <h3>Schwerpunkte und Zusatzqualifikationen<\/h3>\r\n    <ul>\r\n        <li>\r\n            <h4>Akne<\/h4>\r\n        <\/li>\r\n        <li>\r\n            <h4>Hautkrebsvorsorge<\/h4>\r\n        <\/li>\r\n        <li>\r\n            <h4>Allergologie<\/h4>\r\n        <\/li>\r\n    <\/ul>\r\n<\/div><div class=\"item-footer clearfix\"><a title=\"Dr. med. Chiara Dess\u00ec Fulgheri\" href=\"https:\/\/course.berit-exbit.ch\/student01\/doctors\/dr-med-chiara-dessi-fulgheri\/\" class=\"mc-button more light template-arrow-horizontal-1-after\">PROFILE<\/a><\/div><\/div><\/div>\n\t\t\t\t<\/div><\/ul><ul class=\"tabs-navigation isotope-filters clearfix\"><\/ul><ul class=\"mc-gallery gallery-4-columns dm_filters\"><li class=\"team\" id=\"gallery-item-dr-med-chiara-dessi-fulgheri\">\n\t\t\t\t\t<div class=\"gallery-box gallery-box-1 hover-icons-off\"><span class=\"mc-preloader\"><\/span><img loading=\"lazy\" decoding=\"async\" width=\"285\" height=\"190\" src=\"https:\/\/course.berit-exbit.ch\/student01\/wp-content\/uploads\/2023\/08\/14_team-600x400-1-285x190.jpg\" class=\"mc-preload wp-post-image\" alt=\"Dr. med. Chiara Dess\u00ec Fulgheri\" title=\"\" srcset=\"https:\/\/course.berit-exbit.ch\/student01\/wp-content\/uploads\/2023\/08\/14_team-600x400-1-285x190.jpg 285w, https:\/\/course.berit-exbit.ch\/student01\/wp-content\/uploads\/2023\/08\/14_team-600x400-1-300x200.jpg 300w, https:\/\/course.berit-exbit.ch\/student01\/wp-content\/uploads\/2023\/08\/14_team-600x400-1-480x320.jpg 480w, https:\/\/course.berit-exbit.ch\/student01\/wp-content\/uploads\/2023\/08\/14_team-600x400-1-390x260.jpg 390w, https:\/\/course.berit-exbit.ch\/student01\/wp-content\/uploads\/2023\/08\/14_team-600x400-1.jpg 600w\" sizes=\"auto, (max-width: 285px) 100vw, 285px\" \/>\n\t\t\t\t\t\t<div class=\"description\">\n\t\t\t\t\t\t\t<h4>Dr. med. Chiara Dess\u00ec Fulgheri<\/h4>\n\t\t\t\t\t\t\t<h5><\/h5>\n\t\t\t\t\t\t<\/div>\n\t\t\t\t\t\t<ul class=\"controls\">\n\t\t\t\t\t\t\t<li>\n\t\t\t\t\t\t\t\t<a href=\"#gallery-details-dr-med-chiara-dessi-fulgheri\" class=\"template-menu-2 open-details\"><\/a>\n\t\t\t\t\t\t\t<\/li><li><a href=\"https:\/\/course.berit-exbit.ch\/student01\/wp-content\/uploads\/2023\/08\/14_team-600x400-1.jpg\" class=\"template-plus-2 fancybox open-lightbox\" rel=\"mcgallery\"><\/a>\n\t\t\t\t\t<\/li><\/ul><\/div><\/li><\/ul>[vc_widget_sidebar sidebar_id=&#8220;sidebar-home-right-style-2&#8243;][\/vc_column][vc_column width=&#8220;3\/4&#8243;]<h1 class=\"box-header\">Haarentfernung<\/h1>[vc_column_text]<img loading=\"lazy\" decoding=\"async\" class=\"alignnone wp-image-4294 size-full\" src=\"https:\/\/course.berit-exbit.ch\/student01\/wp-content\/uploads\/2023\/08\/Haarentfernung-2.jpg\" alt=\"\" width=\"640\" height=\"450\" srcset=\"https:\/\/course.berit-exbit.ch\/student01\/wp-content\/uploads\/2023\/08\/Haarentfernung-2.jpg 640w, https:\/\/course.berit-exbit.ch\/student01\/wp-content\/uploads\/2023\/08\/Haarentfernung-2-300x211.jpg 300w\" sizes=\"auto, (max-width: 640px) 100vw, 640px\" \/><\/p>\n<p>&nbsp;<\/p>\n<p>Mittels neusten technologischen Apparaturen ist es uns m\u00f6glich, Haare in einem Bruchteil der normalerweise ben\u00f6tigten Zeit und so schmerzarm wie nur m\u00f6glich zu entfernen.<\/p>\n<p>Bis anhin gab es noch keine endg\u00fcltige L\u00f6sung, die f\u00fcr alle Patienten sowie f\u00fcr alle Haut- und Haartypen passend war. Das neue Motus AX Alexandrit-Lasersystem vereint jedoch alle Anforderungen an ein umfassendes Haarentfernungs-System in einem.<\/p>\n<p>Der Motus AX mit der brandneuen m\u00f5ve\u00f4-Technologie kombiniert mehrere wichtige Faktoren und erlaubt dank einer neuen Methode das Entfernen von ungewollten Haaren schneller, einfacher, sicherer und effizienter. Vor allem aber schmerzfrei und auch f\u00fcr dunkle Hauttypen.<\/p>\n<p>Die Behandlung eines Areals von 10 x 10 cm dauert nur etwa 25 Sekunden.[\/vc_column_text][vc_row_inner][vc_column_inner][vc_raw_html]JTNDaDIlMjBjbGFzcyUzRCUyMmJveC1oZWFkZXIlMjBtZWRpemluaXNjaGUta29zbWV0aWstdGl0bGUlMjBsYXJnZSUyMGFsaWduLWNlbnRlciUyMHBhZ2UtbWFyZ2luLXRvcC1zZWN0aW9uJTIyJTNFUnVmZW4lMjBTaWUlMjBhbiUyMCUyQjQxJTIwJTI4MCUyOTQ0JTIwODM4JTIwNjglMjA2OCUzQyUyRmgyJTNF[\/vc_raw_html][\/vc_column_inner][\/vc_row_inner][vc_raw_html]JTNDZGl2JTIwY2xhc3MlM0QlMjJ3cGJfdGV4dF9jb2x1bW4lMjB3cGJfY29udGVudF9lbGVtZW50JTIwJTIwbGFyZ2UlMjBhbGlnbi1jZW50ZXIlMjBtYXJnaW4tdG9wLTIwJTIyJTNFJTBBJTA5JTA5JTNDZGl2JTIwY2xhc3MlM0QlMjJ3cGJfd3JhcHBlciUyMiUzRSUwQSUwOSUwOSUwOSUzQ3AlM0VPZGVyJTIwc2VuZGVuJTIwU2llJTIwdW5zJTIwZGlyZWt0JTIwdW50ZXJoYWxiJTIwZWluZSUyMEUtTWFpbCUzQyUyRnAlM0UlMEElMEElMDklMDklM0MlMkZkaXYlM0UlMEElMDklM0MlMkZkaXYlM0U=[\/vc_raw_html][vc_raw_html]JTNDZm9ybSUyMGNsYXNzJTNEJTIyY29udGFjdC1mb3JtJTIwJTIyJTIwaWQlM0QlMjJtZWRpemluaXNjaGUta29zbWV0aWstY29udGFjdF9mb3JtJTIyJTIwbWV0aG9kJTNEJTIycG9zdCUyMiUyMGFjdGlvbiUzRCUyMiUyMiUzRSUzQ2RpdiUyMGNsYXNzJTNEJTIydmNfcm93JTIwd3BiX3JvdyUyMHZjX2lubmVyJTIyJTNFJTBBJTA5JTA5JTA5JTNDZmllbGRzZXQlMjBjbGFzcyUzRCUyMnZjX2NvbC1zbS02JTIwd3BiX2NvbHVtbiUyMHZjX2NvbHVtbl9jb250YWluZXIlMjIlM0UlM0NsYWJlbCUzRVZPUk5BTUUlM0MlMkZsYWJlbCUzRSUwQSUwOSUwOSUwOSUwOSUzQ2RpdiUyMGNsYXNzJTNEJTIyYmxvY2slMjIlM0UlMEElMDklMDklMDklMDklMDklM0NpbnB1dCUyMGNsYXNzJTNEJTIydGV4dF9pbnB1dCUyMiUyMG5hbWUlM0QlMjJmaXJzdF9uYW1lJTIyJTIwdHlwZSUzRCUyMnRleHQlMjIlMjB2YWx1ZSUzRCUyMiUyMiUyMHRhYmluZGV4JTNEJTIyMSUyMiUyMGRhdGEtcmVxdWlyZWQlM0QlMjIxJTIyJTNFJTBBJTA5JTA5JTA5JTA5JTNDJTJGZGl2JTNFJTNDbGFiZWwlM0VURUxFRk9OTlVNTUVSJTIwJTI4T1BUSU9OQUwlMjklM0MlMkZsYWJlbCUzRSUwQSUwOSUwOSUwOSUwOSUzQ2RpdiUyMGNsYXNzJTNEJTIyYmxvY2slMjIlM0UlMEElMDklMDklMDklMDklMDklM0NpbnB1dCUyMGNsYXNzJTNEJTIydGV4dF9pbnB1dCUyMiUyMG5hbWUlM0QlMjJwaG9uZV9udW1iZXIlMjIlMjB0eXBlJTNEJTIydGV4dCUyMiUyMHZhbHVlJTNEJTIyJTIyJTIwdGFiaW5kZXglM0QlMjI1JTIyJTNFJTBBJTA5JTA5JTA5JTA5JTNDJTJGZGl2JTNFJTNDJTJGZmllbGRzZXQlM0UlMEElMDklMDklMDklM0NmaWVsZHNldCUyMGNsYXNzJTNEJTIydmNfY29sLXNtLTYlMjB3cGJfY29sdW1uJTIwdmNfY29sdW1uX2NvbnRhaW5lciUyMiUzRSUzQ2xhYmVsJTNFTkFDSE5BTUUlM0MlMkZsYWJlbCUzRSUwQSUwOSUwOSUwOSUwOSUzQ2RpdiUyMGNsYXNzJTNEJTIyYmxvY2slMjIlM0UlMEElMDklMDklMDklMDklMDklM0NpbnB1dCUyMGNsYXNzJTNEJTIydGV4dF9pbnB1dCUyMiUyMG5hbWUlM0QlMjJsYXN0X25hbWUlMjIlMjB0eXBlJTNEJTIydGV4dCUyMiUyMHZhbHVlJTNEJTIyJTIyJTIwdGFiaW5kZXglM0QlMjIyJTIyJTIwZGF0YS1yZXF1aXJlZCUzRCUyMjElMjIlM0UlMEElMDklMDklMDklMDklM0MlMkZkaXYlM0UlM0NsYWJlbCUzRUUtTUFJTCUzQyUyRmxhYmVsJTNFJTBBJTA5JTA5JTA5JTA5JTNDZGl2JTIwY2xhc3MlM0QlMjJibG9jayUyMiUzRSUwQSUwOSUwOSUwOSUwOSUwOSUzQ2lucHV0JTIwY2xhc3MlM0QlMjJ0ZXh0X2lucHV0JTIyJTIwbmFtZSUzRCUyMmVtYWlsJTIyJTIwdHlwZSUzRCUyMnRleHQlMjIlMjB2YWx1ZSUzRCUyMiUyMiUyMHRhYmluZGV4JTNEJTIyNiUyMiUyMGRhdGEtcmVxdWlyZWQlM0QlMjIxJTIyJTNFJTBBJTA5JTA5JTA5JTA5JTNDJTJGZGl2JTNFJTNDJTJGZmllbGRzZXQlM0UlMEElMDklMDklM0MlMkZkaXYlM0UlM0NkaXYlMjBjbGFzcyUzRCUyMnZjX3JvdyUyMHdwYl9yb3clMjB2Y19pbm5lciUyMiUzRSUwQSUwOSUwOSUwOSUzQ2ZpZWxkc2V0JTNFJTBBJTA5JTA5JTA5JTA5JTNDbGFiZWwlM0VJSFJFJTIwTkFDSFJJQ0hUJTNDJTJGbGFiZWwlM0UlMEElMDklMDklMDklMDklM0NkaXYlMjBjbGFzcyUzRCUyMmJsb2NrJTIyJTNFJTBBJTA5JTA5JTA5JTA5JTA5JTNDdGV4dGFyZWElMjBuYW1lJTNEJTIybWVzc2FnZSUyMiUyMHRhYmluZGV4JTNEJTIyNyUyMiUyMGRhdGEtcmVxdWlyZWQlM0QlMjIxJTIyJTNFJTNDJTJGdGV4dGFyZWElM0UlMEElMDklMDklMDklMDklM0MlMkZkaXYlM0UlMEElMDklMDklMDklM0MlMkZmaWVsZHNldCUzRSUwQSUwOSUwOSUzQyUyRmRpdiUzRSUzQ2RpdiUyMGNsYXNzJTNEJTIydmNfcm93JTIwd3BiX3JvdyUyMHZjX2lubmVyJTIwc3VibWl0LWNvbnRhaW5lciUyMG1hcmdpbi10b3AtMzAlMjIlM0UlM0NkaXYlMjBjbGFzcyUzRCUyMnZjX2NvbC1zbS02JTIwd3BiX2NvbHVtbiUyMHZjX2NvbHVtbl9jb250YWluZXIlMjIlM0UlMEElMDklMDklMDklMDklM0NwJTNFV2lyJTIwQW50d29ydGVuJTIwaW5uZXJoYWxiJTIwZWluZXMlMjBBcmJlaXRzdGFnZXMlM0MlMkZwJTNFJTBBJTA5JTA5JTA5JTNDJTJGZGl2JTNFJTBBJTA5JTA5JTA5JTNDZGl2JTIwY2xhc3MlM0QlMjJ2Y19jb2wtc20tNiUyMHdwYl9jb2x1bW4lMjB2Y19jb2x1bW5fY29udGFpbmVyJTIwJTIyJTNFJTNDaW5wdXQlMjB0eXBlJTNEJTIyaGlkZGVuJTIyJTIwbmFtZSUzRCUyMmFjdGlvbiUyMiUyMHZhbHVlJTNEJTIydGhlbWVfY29udGFjdF9mb3JtJTIyJTNFJTBBJTA5JTA5JTA5JTA5JTNDaW5wdXQlMjB0eXBlJTNEJTIyaGlkZGVuJTIyJTIwbmFtZSUzRCUyMmlkJTIyJTIwdmFsdWUlM0QlMjJtZWRpemluaXNjaGUta29zbWV0aWstY29udGFjdF9mb3JtJTIyJTNFJTNDZGl2JTIwY2xhc3MlM0QlMjJ2Y19yb3clMjB3cGJfcm93JTIwdmNfaW5uZXIlMjIlM0UlMEElMDklMDklMDklMDklM0NpbnB1dCUyMHR5cGUlM0QlMjJzdWJtaXQlMjIlMjBuYW1lJTNEJTIyc3VibWl0JTIyJTIwdmFsdWUlM0QlMjJBYnNjaGlja2VuJTIyJTIwY2xhc3MlM0QlMjJtb3JlJTIwbWMtYnV0dG9uJTIyJTNFJTBBJTA5JTA5JTA5JTNDJTJGZGl2JTNFJTNDJTJGZGl2JTNFJTNDJTJGZGl2JTNFJTBBJTA5JTNDJTJGZm9ybSUzRQ==[\/vc_raw_html][\/vc_column][\/vc_row]\n","protected":false},"excerpt":{"rendered":"<p>[vc_row][vc_column width=&#8220;1\/4&#8243;][vc_wp_custommenu nav_menu=&#8220;43&#8243; el_class=&#8220;vertical-menu&#8220;][vc_wp_custommenu nav_menu=&#8220;40&#8243; el_class=&#8220;vertical-menu&#8220;][vc_btn title=&#8220;PDF PREISLISTE&#8220; align=&#8220;center&#8220; i_align=&#8220;right&#8220; i_icon_fontawesome=&#8220;fas fa-arrow-circle-down&#8220; button_block=&#8220;true&#8220; add_icon=&#8220;true&#8220; link=&#8220;url:https%3A%2F%2Fcourse.berit-exbit.ch%2Fstudent01%2Fwp-content%2Fuploads%2F2023%2F08%2FPREISLISTE-Laser-Haarentfernung-2020.pdf|title:PDF%20PREISLISTE&#8220; css=&#8220;.vc_custom_1691997255818{margin-top: 50px !important;margin-right: 0px !important;margin-bottom: 0px !important;margin-left: 0px !important;}&#8220;][vc_widget_sidebar sidebar_id=&#8220;sidebar-home-right-style-2&#8243;][\/vc_column][vc_column width=&#8220;3\/4&#8243;][vc_column_text] &nbsp; Mittels neusten technologischen Apparaturen ist es uns m\u00f6glich, Haare in einem Bruchteil der normalerweise ben\u00f6tigten Zeit und so schmerzarm wie nur m\u00f6glich zu entfernen. Bis anhin gab es<\/p>\n","protected":false},"author":1,"featured_media":0,"parent":0,"menu_order":0,"comment_status":"closed","ping_status":"closed","template":"","meta":{"footnotes":""},"class_list":["post-4209","page","type-page","status-publish","hentry"],"_links":{"self":[{"href":"https:\/\/course.berit-exbit.ch\/student01\/wp-json\/wp\/v2\/pages\/4209","targetHints":{"allow":["GET"]}}],"collection":[{"href":"https:\/\/course.berit-exbit.ch\/student01\/wp-json\/wp\/v2\/pages"}],"about":[{"href":"https:\/\/course.berit-exbit.ch\/student01\/wp-json\/wp\/v2\/types\/page"}],"author":[{"embeddable":true,"href":"https:\/\/course.berit-exbit.ch\/student01\/wp-json\/wp\/v2\/users\/1"}],"replies":[{"embeddable":true,"href":"https:\/\/course.berit-exbit.ch\/student01\/wp-json\/wp\/v2\/comments?post=4209"}],"version-history":[{"count":21,"href":"https:\/\/course.berit-exbit.ch\/student01\/wp-json\/wp\/v2\/pages\/4209\/revisions"}],"predecessor-version":[{"id":4578,"href":"https:\/\/course.berit-exbit.ch\/student01\/wp-json\/wp\/v2\/pages\/4209\/revisions\/4578"}],"wp:attachment":[{"href":"https:\/\/course.berit-exbit.ch\/student01\/wp-json\/wp\/v2\/media?parent=4209"}],"curies":[{"name":"wp","href":"https:\/\/api.w.org\/{rel}","templated":true}]}}